{"id":8911,"date":"2025-07-03T12:07:35","date_gmt":"2025-07-03T10:07:35","guid":{"rendered":"https:\/\/salak.com.pl\/?post_type=product&#038;p=8911"},"modified":"2025-09-11T11:31:41","modified_gmt":"2025-09-11T09:31:41","slug":"len-recollection","status":"publish","type":"product","link":"https:\/\/salak.com.pl\/fr\/produkt\/len-recollection\/","title":{"rendered":"LEN &#8211; RECOLLECTION"},"content":{"rendered":"<p>LEN to minimalistyczny stolik kawowy o rze\u017abiarskiej, ponadczasowej formie. Dzi\u0119ki niewielkiej podstawie z powodzeniem odnajdzie si\u0119 nawet w najmniejszych przestrzeniach.<\/p>\n","protected":false},"excerpt":{"rendered":"<p>LEN to minimalistyczny stolik kawowy o rze\u017abiarskiej, ponadczasowej formie. Dzi\u0119ki niewielkiej podstawie z powodzeniem odnajdzie si\u0119 nawet w najmniejszych przestrzeniach.<\/p>\n","protected":false},"featured_media":4994,"template":"","meta":{"_acf_changed":false},"product_brand":[],"product_cat":[371],"product_tag":[],"kampania":[],"class_list":{"0":"post-8911","1":"product","2":"type-product","3":"status-publish","4":"has-post-thumbnail","6":"product_cat-recollection-fr","7":"odznaki-recollection-2","9":"first","10":"instock","11":"sale","12":"taxable","13":"shipping-taxable","14":"purchasable","15":"product-type-simple"},"acf":[],"_links":{"self":[{"href":"https:\/\/salak.com.pl\/fr\/wp-json\/wp\/v2\/product\/8911","targetHints":{"allow":["GET"]}}],"collection":[{"href":"https:\/\/salak.com.pl\/fr\/wp-json\/wp\/v2\/product"}],"about":[{"href":"https:\/\/salak.com.pl\/fr\/wp-json\/wp\/v2\/types\/product"}],"wp:featuredmedia":[{"embeddable":true,"href":"https:\/\/salak.com.pl\/fr\/wp-json\/wp\/v2\/media\/4994"}],"wp:attachment":[{"href":"https:\/\/salak.com.pl\/fr\/wp-json\/wp\/v2\/media?parent=8911"}],"wp:term":[{"taxonomy":"product_brand","embeddable":true,"href":"https:\/\/salak.com.pl\/fr\/wp-json\/wp\/v2\/product_brand?post=8911"},{"taxonomy":"product_cat","embeddable":true,"href":"https:\/\/salak.com.pl\/fr\/wp-json\/wp\/v2\/product_cat?post=8911"},{"taxonomy":"product_tag","embeddable":true,"href":"https:\/\/salak.com.pl\/fr\/wp-json\/wp\/v2\/product_tag?post=8911"},{"taxonomy":"kampania","embeddable":true,"href":"https:\/\/salak.com.pl\/fr\/wp-json\/wp\/v2\/kampania?post=8911"}],"curies":[{"name":"wp","href":"https:\/\/api.w.org\/{rel}","templated":true}]}}