{"id":8897,"date":"2025-06-27T15:24:35","date_gmt":"2025-06-27T13:24:35","guid":{"rendered":"https:\/\/salak.com.pl\/?post_type=product&#038;p=8897"},"modified":"2026-02-11T10:29:06","modified_gmt":"2026-02-11T09:29:06","slug":"ros-recollection","status":"publish","type":"product","link":"https:\/\/salak.com.pl\/fr\/produkt\/ros-recollection\/","title":{"rendered":"ROS &#8211; RECOLLECTION"},"content":{"rendered":"","protected":false},"excerpt":{"rendered":"<p>ROS to stolik wykonany z wysokiej jako\u015bci stali i litego, r\u0119cznie toczonego drewna jesionowego. Dzi\u0119ki swojej niewielkiej podstawie idealnie sprawdzi si\u0119 nawet w najmniejszych przestrzeniach.<\/p>\n","protected":false},"featured_media":4996,"template":"","meta":{"_acf_changed":false},"product_brand":[],"product_cat":[371],"product_tag":[],"kampania":[],"class_list":{"0":"post-8897","1":"product","2":"type-product","3":"status-publish","4":"has-post-thumbnail","6":"product_cat-recollection-fr","8":"first","9":"outofstock","10":"sale","11":"taxable","12":"shipping-taxable","13":"purchasable","14":"product-type-simple"},"acf":[],"_links":{"self":[{"href":"https:\/\/salak.com.pl\/fr\/wp-json\/wp\/v2\/product\/8897","targetHints":{"allow":["GET"]}}],"collection":[{"href":"https:\/\/salak.com.pl\/fr\/wp-json\/wp\/v2\/product"}],"about":[{"href":"https:\/\/salak.com.pl\/fr\/wp-json\/wp\/v2\/types\/product"}],"wp:featuredmedia":[{"embeddable":true,"href":"https:\/\/salak.com.pl\/fr\/wp-json\/wp\/v2\/media\/4996"}],"wp:attachment":[{"href":"https:\/\/salak.com.pl\/fr\/wp-json\/wp\/v2\/media?parent=8897"}],"wp:term":[{"taxonomy":"product_brand","embeddable":true,"href":"https:\/\/salak.com.pl\/fr\/wp-json\/wp\/v2\/product_brand?post=8897"},{"taxonomy":"product_cat","embeddable":true,"href":"https:\/\/salak.com.pl\/fr\/wp-json\/wp\/v2\/product_cat?post=8897"},{"taxonomy":"product_tag","embeddable":true,"href":"https:\/\/salak.com.pl\/fr\/wp-json\/wp\/v2\/product_tag?post=8897"},{"taxonomy":"kampania","embeddable":true,"href":"https:\/\/salak.com.pl\/fr\/wp-json\/wp\/v2\/kampania?post=8897"}],"curies":[{"name":"wp","href":"https:\/\/api.w.org\/{rel}","templated":true}]}}