{"id":8893,"date":"2025-06-27T15:01:05","date_gmt":"2025-06-27T13:01:05","guid":{"rendered":"https:\/\/salak.com.pl\/?post_type=product&#038;p=8893"},"modified":"2026-02-12T13:50:31","modified_gmt":"2026-02-12T12:50:31","slug":"coffe-tom-recollection","status":"publish","type":"product","link":"https:\/\/salak.com.pl\/fr\/produkt\/coffe-tom-recollection\/","title":{"rendered":"COFFE TOM &#8211; RECOLLECTION"},"content":{"rendered":"<p>TOM to wyj\u0105tkowy st\u00f3\u0142 o rze\u017abiarskiej formie, do kt\u00f3rego z \u0142atwo\u015bci\u0105 dopasujesz krzes\u0142a o r\u00f3\u017cnym charakterze, lub stworzysz sp\u00f3jny zestaw wraz z dedykowanymi siedziskami MOON. Salaki te dzi\u0119ki swojej minimalistycznej formie stan\u0105 si\u0119 idealn\u0105 i nienachaln\u0105 baz\u0105 do dowolnie wybranej przez Ciebie przestrzeni.<\/p>\n","protected":false},"excerpt":{"rendered":"<p>TOM to wyj\u0105tkowy st\u00f3\u0142 o rze\u017abiarskiej formie, do kt\u00f3rego z \u0142atwo\u015bci\u0105 dopasujesz krzes\u0142a o r\u00f3\u017cnym charakterze, lub stworzysz sp\u00f3jny zestaw wraz z dedykowanymi siedziskami MOON. Salaki te dzi\u0119ki swojej minimalistycznej formie stan\u0105 si\u0119 idealn\u0105 i nienachaln\u0105 baz\u0105 do dowolnie wybranej przez Ciebie przestrzeni.<\/p>\n","protected":false},"featured_media":5138,"template":"","meta":{"_acf_changed":false},"product_brand":[],"product_cat":[371],"product_tag":[],"kampania":[],"class_list":{"0":"post-8893","1":"product","2":"type-product","3":"status-publish","4":"has-post-thumbnail","6":"product_cat-recollection-fr","7":"odznaki-recollection-expedition-sous-2-jours","9":"first","10":"instock","11":"sale","12":"taxable","13":"shipping-taxable","14":"purchasable","15":"product-type-simple"},"acf":[],"_links":{"self":[{"href":"https:\/\/salak.com.pl\/fr\/wp-json\/wp\/v2\/product\/8893","targetHints":{"allow":["GET"]}}],"collection":[{"href":"https:\/\/salak.com.pl\/fr\/wp-json\/wp\/v2\/product"}],"about":[{"href":"https:\/\/salak.com.pl\/fr\/wp-json\/wp\/v2\/types\/product"}],"wp:featuredmedia":[{"embeddable":true,"href":"https:\/\/salak.com.pl\/fr\/wp-json\/wp\/v2\/media\/5138"}],"wp:attachment":[{"href":"https:\/\/salak.com.pl\/fr\/wp-json\/wp\/v2\/media?parent=8893"}],"wp:term":[{"taxonomy":"product_brand","embeddable":true,"href":"https:\/\/salak.com.pl\/fr\/wp-json\/wp\/v2\/product_brand?post=8893"},{"taxonomy":"product_cat","embeddable":true,"href":"https:\/\/salak.com.pl\/fr\/wp-json\/wp\/v2\/product_cat?post=8893"},{"taxonomy":"product_tag","embeddable":true,"href":"https:\/\/salak.com.pl\/fr\/wp-json\/wp\/v2\/product_tag?post=8893"},{"taxonomy":"kampania","embeddable":true,"href":"https:\/\/salak.com.pl\/fr\/wp-json\/wp\/v2\/kampania?post=8893"}],"curies":[{"name":"wp","href":"https:\/\/api.w.org\/{rel}","templated":true}]}}