{"id":8850,"date":"2025-06-25T09:37:40","date_gmt":"2025-06-25T07:37:40","guid":{"rendered":"https:\/\/salak.com.pl\/?post_type=product&#038;p=8850"},"modified":"2026-02-12T14:54:01","modified_gmt":"2026-02-12T13:54:01","slug":"moort-dine","status":"publish","type":"product","link":"https:\/\/salak.com.pl\/fr\/produkt\/moort-dine\/","title":{"rendered":"MOORT DINE"},"content":{"rendered":"","protected":false},"excerpt":{"rendered":"<p>MOORT DINE to wyj\u0105tkowy st\u00f3\u0142 o rze\u017abiarskiej formie, do kt\u00f3rego z \u0142atwo\u015bci\u0105 dopasujesz krzes\u0142a o r\u00f3\u017cnym charakterze. Salaki te dzi\u0119ki swojej minimalistycznej formie stan\u0105 si\u0119 idealn\u0105 i nienachaln\u0105 baz\u0105 do dowolnie wybranej przez Ciebie przestrzeni.<\/p>\n","protected":false},"featured_media":8854,"template":"","meta":{"_acf_changed":false},"product_brand":[],"product_cat":[244,225,269],"product_tag":[],"kampania":[],"class_list":{"0":"post-8850","1":"product","2":"type-product","3":"status-publish","4":"has-post-thumbnail","6":"product_cat-bureaux","7":"product_cat-tableaux","8":"product_cat-tables-a-manger","10":"first","11":"instock","12":"taxable","13":"shipping-taxable","14":"purchasable","15":"product-type-simple"},"acf":[],"_links":{"self":[{"href":"https:\/\/salak.com.pl\/fr\/wp-json\/wp\/v2\/product\/8850","targetHints":{"allow":["GET"]}}],"collection":[{"href":"https:\/\/salak.com.pl\/fr\/wp-json\/wp\/v2\/product"}],"about":[{"href":"https:\/\/salak.com.pl\/fr\/wp-json\/wp\/v2\/types\/product"}],"wp:featuredmedia":[{"embeddable":true,"href":"https:\/\/salak.com.pl\/fr\/wp-json\/wp\/v2\/media\/8854"}],"wp:attachment":[{"href":"https:\/\/salak.com.pl\/fr\/wp-json\/wp\/v2\/media?parent=8850"}],"wp:term":[{"taxonomy":"product_brand","embeddable":true,"href":"https:\/\/salak.com.pl\/fr\/wp-json\/wp\/v2\/product_brand?post=8850"},{"taxonomy":"product_cat","embeddable":true,"href":"https:\/\/salak.com.pl\/fr\/wp-json\/wp\/v2\/product_cat?post=8850"},{"taxonomy":"product_tag","embeddable":true,"href":"https:\/\/salak.com.pl\/fr\/wp-json\/wp\/v2\/product_tag?post=8850"},{"taxonomy":"kampania","embeddable":true,"href":"https:\/\/salak.com.pl\/fr\/wp-json\/wp\/v2\/kampania?post=8850"}],"curies":[{"name":"wp","href":"https:\/\/api.w.org\/{rel}","templated":true}]}}