{"id":8529,"date":"2025-06-16T10:46:50","date_gmt":"2025-06-16T08:46:50","guid":{"rendered":"https:\/\/salak.com.pl\/?post_type=product&#038;p=8529"},"modified":"2026-02-10T12:55:47","modified_gmt":"2026-02-10T11:55:47","slug":"cherry-quantite-limitee","status":"publish","type":"product","link":"https:\/\/salak.com.pl\/fr\/produkt\/cherry-quantite-limitee\/","title":{"rendered":"CHERRY &#8211; quantit\u00e9 limit\u00e9e"},"content":{"rendered":"<p>CHERRY est une table polyvalente au design exceptionnellement minimaliste. Gr\u00e2ce \u00e0 sa forme simple mais originale, elle s\u2019int\u00e9grera parfaitement m\u00eame dans les int\u00e9rieurs les plus raffin\u00e9s.<\/p>\n","protected":false},"excerpt":{"rendered":"<p>CHERRY to uniwersalny stolik o wyj\u0105tkowo minimalistycznej formie. Dzi\u0119ki swojej prostej lecz nieoczywistej formie z powodzeniem odnajdzie si\u0119 w nawet najbardziej wyszukanych wn\u0119trzach.<\/p>\n","protected":false},"featured_media":8539,"template":"","meta":{"_acf_changed":false},"product_brand":[],"product_cat":[345],"product_tag":[],"kampania":[],"class_list":{"0":"post-8529","1":"product","2":"type-product","3":"status-publish","4":"has-post-thumbnail","6":"product_cat-dostepneodreki-fr","7":"odznaki-expedie-sous-2-jours-ouvres","9":"first","10":"instock","11":"sale","12":"taxable","13":"shipping-taxable","14":"purchasable","15":"product-type-simple"},"acf":[],"_links":{"self":[{"href":"https:\/\/salak.com.pl\/fr\/wp-json\/wp\/v2\/product\/8529","targetHints":{"allow":["GET"]}}],"collection":[{"href":"https:\/\/salak.com.pl\/fr\/wp-json\/wp\/v2\/product"}],"about":[{"href":"https:\/\/salak.com.pl\/fr\/wp-json\/wp\/v2\/types\/product"}],"wp:featuredmedia":[{"embeddable":true,"href":"https:\/\/salak.com.pl\/fr\/wp-json\/wp\/v2\/media\/8539"}],"wp:attachment":[{"href":"https:\/\/salak.com.pl\/fr\/wp-json\/wp\/v2\/media?parent=8529"}],"wp:term":[{"taxonomy":"product_brand","embeddable":true,"href":"https:\/\/salak.com.pl\/fr\/wp-json\/wp\/v2\/product_brand?post=8529"},{"taxonomy":"product_cat","embeddable":true,"href":"https:\/\/salak.com.pl\/fr\/wp-json\/wp\/v2\/product_cat?post=8529"},{"taxonomy":"product_tag","embeddable":true,"href":"https:\/\/salak.com.pl\/fr\/wp-json\/wp\/v2\/product_tag?post=8529"},{"taxonomy":"kampania","embeddable":true,"href":"https:\/\/salak.com.pl\/fr\/wp-json\/wp\/v2\/kampania?post=8529"}],"curies":[{"name":"wp","href":"https:\/\/api.w.org\/{rel}","templated":true}]}}