{"id":8521,"date":"2025-06-13T14:16:25","date_gmt":"2025-06-13T12:16:25","guid":{"rendered":"https:\/\/salak.com.pl\/?post_type=product&#038;p=8521"},"modified":"2026-02-11T10:36:13","modified_gmt":"2026-02-11T09:36:13","slug":"pop-xl","status":"publish","type":"product","link":"https:\/\/salak.com.pl\/fr\/produkt\/pop-xl\/","title":{"rendered":"POP XL"},"content":{"rendered":"<p>POP to minimalistyczna p\u00f3\u0142ka \u015bcienna i kwietnik w jednym. Produkt wykonany jest z wysokiej jako\u015bci stali i r\u0119cznie toczonego drewna jesionowego.Rozgo\u015b\u0107 si\u0119 wygodnie i znajd\u017a swojego idealnego Salaka!<\/p>\n","protected":false},"excerpt":{"rendered":"<p>POP to minimalistyczna p\u00f3\u0142ka \u015bcienna i kwietnik w jednym. Produkt wykonany jest z wysokiej jako\u015bci stali i r\u0119cznie toczonego drewna jesionowego.Rozgo\u015b\u0107 si\u0119 wygodnie i znajd\u017a swojego idealnego Salaka!<\/p>\n","protected":false},"featured_media":7765,"template":"","meta":{"_acf_changed":false},"product_brand":[],"product_cat":[232,236],"product_tag":[],"kampania":[],"class_list":{"0":"post-8521","1":"product","2":"type-product","3":"status-publish","4":"has-post-thumbnail","6":"product_cat-actualites","7":"product_cat-etageres","8":"odznaki-nouveau","10":"first","11":"instock","12":"taxable","13":"shipping-taxable","14":"purchasable","15":"product-type-simple"},"acf":[],"_links":{"self":[{"href":"https:\/\/salak.com.pl\/fr\/wp-json\/wp\/v2\/product\/8521","targetHints":{"allow":["GET"]}}],"collection":[{"href":"https:\/\/salak.com.pl\/fr\/wp-json\/wp\/v2\/product"}],"about":[{"href":"https:\/\/salak.com.pl\/fr\/wp-json\/wp\/v2\/types\/product"}],"wp:featuredmedia":[{"embeddable":true,"href":"https:\/\/salak.com.pl\/fr\/wp-json\/wp\/v2\/media\/7765"}],"wp:attachment":[{"href":"https:\/\/salak.com.pl\/fr\/wp-json\/wp\/v2\/media?parent=8521"}],"wp:term":[{"taxonomy":"product_brand","embeddable":true,"href":"https:\/\/salak.com.pl\/fr\/wp-json\/wp\/v2\/product_brand?post=8521"},{"taxonomy":"product_cat","embeddable":true,"href":"https:\/\/salak.com.pl\/fr\/wp-json\/wp\/v2\/product_cat?post=8521"},{"taxonomy":"product_tag","embeddable":true,"href":"https:\/\/salak.com.pl\/fr\/wp-json\/wp\/v2\/product_tag?post=8521"},{"taxonomy":"kampania","embeddable":true,"href":"https:\/\/salak.com.pl\/fr\/wp-json\/wp\/v2\/kampania?post=8521"}],"curies":[{"name":"wp","href":"https:\/\/api.w.org\/{rel}","templated":true}]}}