{"id":8473,"date":"2025-06-12T14:31:31","date_gmt":"2025-06-12T12:31:31","guid":{"rendered":"https:\/\/salak.com.pl\/?post_type=product&#038;p=8473"},"modified":"2026-02-10T15:21:17","modified_gmt":"2026-02-10T14:21:17","slug":"fuku90-quantite-limitee","status":"publish","type":"product","link":"https:\/\/salak.com.pl\/fr\/produkt\/fuku90-quantite-limitee\/","title":{"rendered":"FUKU \u00d8 90 cm- quantit\u00e9 limit\u00e9e"},"content":{"rendered":"","protected":false},"excerpt":{"rendered":"","protected":false},"featured_media":5860,"template":"","meta":{"_acf_changed":false},"product_brand":[],"product_cat":[345],"product_tag":[],"kampania":[],"class_list":{"0":"post-8473","1":"product","2":"type-product","3":"status-publish","4":"has-post-thumbnail","6":"product_cat-dostepneodreki-fr","7":"odznaki-expedie-sous-2-jours-ouvres","9":"first","10":"instock","11":"taxable","12":"shipping-taxable","13":"purchasable","14":"product-type-simple"},"acf":[],"_links":{"self":[{"href":"https:\/\/salak.com.pl\/fr\/wp-json\/wp\/v2\/product\/8473","targetHints":{"allow":["GET"]}}],"collection":[{"href":"https:\/\/salak.com.pl\/fr\/wp-json\/wp\/v2\/product"}],"about":[{"href":"https:\/\/salak.com.pl\/fr\/wp-json\/wp\/v2\/types\/product"}],"wp:featuredmedia":[{"embeddable":true,"href":"https:\/\/salak.com.pl\/fr\/wp-json\/wp\/v2\/media\/5860"}],"wp:attachment":[{"href":"https:\/\/salak.com.pl\/fr\/wp-json\/wp\/v2\/media?parent=8473"}],"wp:term":[{"taxonomy":"product_brand","embeddable":true,"href":"https:\/\/salak.com.pl\/fr\/wp-json\/wp\/v2\/product_brand?post=8473"},{"taxonomy":"product_cat","embeddable":true,"href":"https:\/\/salak.com.pl\/fr\/wp-json\/wp\/v2\/product_cat?post=8473"},{"taxonomy":"product_tag","embeddable":true,"href":"https:\/\/salak.com.pl\/fr\/wp-json\/wp\/v2\/product_tag?post=8473"},{"taxonomy":"kampania","embeddable":true,"href":"https:\/\/salak.com.pl\/fr\/wp-json\/wp\/v2\/kampania?post=8473"}],"curies":[{"name":"wp","href":"https:\/\/api.w.org\/{rel}","templated":true}]}}