{"id":7678,"date":"2025-05-21T10:10:50","date_gmt":"2025-05-21T08:10:50","guid":{"rendered":"https:\/\/salak.com.pl\/?post_type=product&#038;p=7678"},"modified":"2025-10-22T11:11:56","modified_gmt":"2025-10-22T09:11:56","slug":"slop","status":"publish","type":"product","link":"https:\/\/salak.com.pl\/fr\/produkt\/slop\/","title":{"rendered":"SLOP"},"content":{"rendered":"<p>SLOP <span class=\"jCAhz ChMk0b\"><span class=\"ryNqvb\">est une \u00e9tag\u00e8re minimaliste avec une forme sculpturale et intemporelle.<\/span><\/span> <span class=\"jCAhz ChMk0b\"><span class=\"ryNqvb\">Gr\u00e2ce \u00e0 sa petite base, il s&rsquo;int\u00e9grera avec succ\u00e8s m\u00eame dans les plus petits espaces.<\/span><\/span><\/p>\n","protected":false},"excerpt":{"rendered":"<div class=\"QmZWSe\">\n<div class=\"DHcWmd\"><\/div>\n<\/div>\n<div class=\"oSioSc\">\n<div id=\"tw-target\">\n<div id=\"kAz1tf\" class=\"g9WsWb PZPZlf\" data-attrid=\"tw-targetArea\" data-entityname=\"Google Translate\">\n<div id=\"tw-target-text-container\" class=\"tw-ta-container tw-nfl\" tabindex=\"0\" role=\"text\">\n<pre id=\"tw-target-text\" class=\"tw-data-text tw-text-large tw-ta\" dir=\"ltr\" data-placeholder=\"T\u0142umaczenie\" data-ved=\"2ahUKEwj85_DurPOOAxVCU1UIHQwzMKkQ3ewLegQICRAU\" aria-label=\"Przet\u0142umaczony tekst: SLOP est une \u00e9tag\u00e8re minimaliste \u00e0 la forme sculpturale. Gr\u00e2ce \u00e0 sa base compacte, elle s'int\u00e8gre facilement aux espaces les plus restreints.\"><span class=\"Y2IQFc\" lang=\"fr\">SLOP est une \u00e9tag\u00e8re minimaliste \u00e0 la forme sculpturale.\r\n\r\nGr\u00e2ce \u00e0 sa base compacte, elle s'int\u00e8gre facilement aux espaces les plus restreints.<\/span><\/pre>\n<\/div>\n<\/div>\n<\/div>\n<\/div>\n","protected":false},"featured_media":7690,"template":"","meta":{"_acf_changed":false},"product_brand":[],"product_cat":[237,234],"product_tag":[],"kampania":[],"class_list":{"0":"post-7678","1":"product","2":"type-product","3":"status-publish","4":"has-post-thumbnail","6":"product_cat-bibliotheques-commodes","7":"product_cat-stockage","8":"odznaki-nouveau","10":"first","11":"instock","12":"taxable","13":"shipping-taxable","14":"purchasable","15":"product-type-simple"},"acf":[],"_links":{"self":[{"href":"https:\/\/salak.com.pl\/fr\/wp-json\/wp\/v2\/product\/7678","targetHints":{"allow":["GET"]}}],"collection":[{"href":"https:\/\/salak.com.pl\/fr\/wp-json\/wp\/v2\/product"}],"about":[{"href":"https:\/\/salak.com.pl\/fr\/wp-json\/wp\/v2\/types\/product"}],"wp:featuredmedia":[{"embeddable":true,"href":"https:\/\/salak.com.pl\/fr\/wp-json\/wp\/v2\/media\/7690"}],"wp:attachment":[{"href":"https:\/\/salak.com.pl\/fr\/wp-json\/wp\/v2\/media?parent=7678"}],"wp:term":[{"taxonomy":"product_brand","embeddable":true,"href":"https:\/\/salak.com.pl\/fr\/wp-json\/wp\/v2\/product_brand?post=7678"},{"taxonomy":"product_cat","embeddable":true,"href":"https:\/\/salak.com.pl\/fr\/wp-json\/wp\/v2\/product_cat?post=7678"},{"taxonomy":"product_tag","embeddable":true,"href":"https:\/\/salak.com.pl\/fr\/wp-json\/wp\/v2\/product_tag?post=7678"},{"taxonomy":"kampania","embeddable":true,"href":"https:\/\/salak.com.pl\/fr\/wp-json\/wp\/v2\/kampania?post=7678"}],"curies":[{"name":"wp","href":"https:\/\/api.w.org\/{rel}","templated":true}]}}