{"id":6695,"date":"2024-12-11T11:29:29","date_gmt":"2024-12-11T10:29:29","guid":{"rendered":"https:\/\/salak.com.pl\/produkt\/pecan\/"},"modified":"2025-11-28T15:02:41","modified_gmt":"2025-11-28T14:02:41","slug":"pecan","status":"publish","type":"product","link":"https:\/\/salak.com.pl\/fr\/produkt\/pecan\/","title":{"rendered":"PECAN"},"content":{"rendered":"","protected":false},"excerpt":{"rendered":"<p>PECAN LONG to minimalistyczny rega\u0142 o rze\u017abiarskiej, ponadczasowej formie. Dzi\u0119ki niewielkiej podstawie<br \/>\nz powodzeniem odnajdzie si\u0119 nawet w najmniejszych przestrzeniach.<\/p>\n","protected":false},"featured_media":4874,"template":"","meta":{"_acf_changed":false},"product_brand":[],"product_cat":[237],"product_tag":[],"kampania":[],"class_list":{"0":"post-6695","1":"product","2":"type-product","3":"status-publish","4":"has-post-thumbnail","6":"product_cat-bibliotheques-commodes","8":"first","9":"instock","10":"taxable","11":"shipping-taxable","12":"purchasable","13":"product-type-simple"},"acf":[],"_links":{"self":[{"href":"https:\/\/salak.com.pl\/fr\/wp-json\/wp\/v2\/product\/6695","targetHints":{"allow":["GET"]}}],"collection":[{"href":"https:\/\/salak.com.pl\/fr\/wp-json\/wp\/v2\/product"}],"about":[{"href":"https:\/\/salak.com.pl\/fr\/wp-json\/wp\/v2\/types\/product"}],"wp:featuredmedia":[{"embeddable":true,"href":"https:\/\/salak.com.pl\/fr\/wp-json\/wp\/v2\/media\/4874"}],"wp:attachment":[{"href":"https:\/\/salak.com.pl\/fr\/wp-json\/wp\/v2\/media?parent=6695"}],"wp:term":[{"taxonomy":"product_brand","embeddable":true,"href":"https:\/\/salak.com.pl\/fr\/wp-json\/wp\/v2\/product_brand?post=6695"},{"taxonomy":"product_cat","embeddable":true,"href":"https:\/\/salak.com.pl\/fr\/wp-json\/wp\/v2\/product_cat?post=6695"},{"taxonomy":"product_tag","embeddable":true,"href":"https:\/\/salak.com.pl\/fr\/wp-json\/wp\/v2\/product_tag?post=6695"},{"taxonomy":"kampania","embeddable":true,"href":"https:\/\/salak.com.pl\/fr\/wp-json\/wp\/v2\/kampania?post=6695"}],"curies":[{"name":"wp","href":"https:\/\/api.w.org\/{rel}","templated":true}]}}