{"id":6693,"date":"2024-12-11T12:04:16","date_gmt":"2024-12-11T11:04:16","guid":{"rendered":"https:\/\/salak.com.pl\/produkt\/sen\/"},"modified":"2025-11-28T15:14:01","modified_gmt":"2025-11-28T14:14:01","slug":"sen","status":"publish","type":"product","link":"https:\/\/salak.com.pl\/fr\/produkt\/sen\/","title":{"rendered":"SEN"},"content":{"rendered":"","protected":false},"excerpt":{"rendered":"<p>SEN to uniwersalny mebel o minimalistycznej, rze\u017abiarskiej formie.<br \/>\nRozgo\u015b\u0107 si\u0119 wygodnie i znajd\u017a swojego idealnego Salaka!<\/p>\n","protected":false},"featured_media":5726,"template":"","meta":{"_acf_changed":false},"product_brand":[],"product_cat":[230,240,224,245,242],"product_tag":[],"kampania":[],"class_list":{"0":"post-6693","1":"product","2":"type-product","3":"status-publish","4":"has-post-thumbnail","6":"product_cat-bestsellers-fr","7":"product_cat-sieges","8":"product_cat-tables-basses-fr","9":"product_cat-tables-dappoint-chevet","10":"product_cat-tabourets-hockers","11":"odznaki-bestseller-fr","13":"first","14":"instock","15":"taxable","16":"shipping-taxable","17":"purchasable","18":"product-type-simple"},"acf":[],"_links":{"self":[{"href":"https:\/\/salak.com.pl\/fr\/wp-json\/wp\/v2\/product\/6693","targetHints":{"allow":["GET"]}}],"collection":[{"href":"https:\/\/salak.com.pl\/fr\/wp-json\/wp\/v2\/product"}],"about":[{"href":"https:\/\/salak.com.pl\/fr\/wp-json\/wp\/v2\/types\/product"}],"wp:featuredmedia":[{"embeddable":true,"href":"https:\/\/salak.com.pl\/fr\/wp-json\/wp\/v2\/media\/5726"}],"wp:attachment":[{"href":"https:\/\/salak.com.pl\/fr\/wp-json\/wp\/v2\/media?parent=6693"}],"wp:term":[{"taxonomy":"product_brand","embeddable":true,"href":"https:\/\/salak.com.pl\/fr\/wp-json\/wp\/v2\/product_brand?post=6693"},{"taxonomy":"product_cat","embeddable":true,"href":"https:\/\/salak.com.pl\/fr\/wp-json\/wp\/v2\/product_cat?post=6693"},{"taxonomy":"product_tag","embeddable":true,"href":"https:\/\/salak.com.pl\/fr\/wp-json\/wp\/v2\/product_tag?post=6693"},{"taxonomy":"kampania","embeddable":true,"href":"https:\/\/salak.com.pl\/fr\/wp-json\/wp\/v2\/kampania?post=6693"}],"curies":[{"name":"wp","href":"https:\/\/api.w.org\/{rel}","templated":true}]}}