{"id":6691,"date":"2024-12-11T12:42:09","date_gmt":"2024-12-11T11:42:09","guid":{"rendered":"https:\/\/salak.com.pl\/produkt\/su-kopia\/"},"modified":"2026-02-11T14:12:05","modified_gmt":"2026-02-11T13:12:05","slug":"lobster","status":"publish","type":"product","link":"https:\/\/salak.com.pl\/fr\/produkt\/lobster\/","title":{"rendered":"LOBSTER"},"content":{"rendered":"","protected":false},"excerpt":{"rendered":"<p>LOBSTER to geometryczny rega\u0142\/stolik boczny w jednym. Wykonany jest wysokiej jako\u015bci stali malowanej proszkowo. Idealnie sprawdzi si\u0119 dla mi\u0142o\u015bnik\u00f3w p\u0142yt winylowych.<\/p>\n","protected":false},"featured_media":5380,"template":"","meta":{"_acf_changed":false},"product_brand":[],"product_cat":[232,237,234,225,224],"product_tag":[],"kampania":[],"class_list":{"0":"post-6691","1":"product","2":"type-product","3":"status-publish","4":"has-post-thumbnail","6":"product_cat-actualites","7":"product_cat-bibliotheques-commodes","8":"product_cat-stockage","9":"product_cat-tableaux","10":"product_cat-tables-basses-fr","11":"czas_wysylki-5-35-dni","13":"first","14":"instock","15":"taxable","16":"shipping-taxable","17":"purchasable","18":"product-type-simple"},"acf":[],"_links":{"self":[{"href":"https:\/\/salak.com.pl\/fr\/wp-json\/wp\/v2\/product\/6691","targetHints":{"allow":["GET"]}}],"collection":[{"href":"https:\/\/salak.com.pl\/fr\/wp-json\/wp\/v2\/product"}],"about":[{"href":"https:\/\/salak.com.pl\/fr\/wp-json\/wp\/v2\/types\/product"}],"wp:featuredmedia":[{"embeddable":true,"href":"https:\/\/salak.com.pl\/fr\/wp-json\/wp\/v2\/media\/5380"}],"wp:attachment":[{"href":"https:\/\/salak.com.pl\/fr\/wp-json\/wp\/v2\/media?parent=6691"}],"wp:term":[{"taxonomy":"product_brand","embeddable":true,"href":"https:\/\/salak.com.pl\/fr\/wp-json\/wp\/v2\/product_brand?post=6691"},{"taxonomy":"product_cat","embeddable":true,"href":"https:\/\/salak.com.pl\/fr\/wp-json\/wp\/v2\/product_cat?post=6691"},{"taxonomy":"product_tag","embeddable":true,"href":"https:\/\/salak.com.pl\/fr\/wp-json\/wp\/v2\/product_tag?post=6691"},{"taxonomy":"kampania","embeddable":true,"href":"https:\/\/salak.com.pl\/fr\/wp-json\/wp\/v2\/kampania?post=6691"}],"curies":[{"name":"wp","href":"https:\/\/api.w.org\/{rel}","templated":true}]}}