{"id":6671,"date":"2024-12-13T20:09:57","date_gmt":"2024-12-13T19:09:57","guid":{"rendered":"https:\/\/salak.com.pl\/produkt\/hall\/"},"modified":"2026-02-11T11:25:57","modified_gmt":"2026-02-11T10:25:57","slug":"hall","status":"publish","type":"product","link":"https:\/\/salak.com.pl\/fr\/produkt\/hall\/","title":{"rendered":"HALL"},"content":{"rendered":"<p>HALL to wyj\u0105tkowe krzes\u0142o o stalowej konstrukcji.Minimalistyczna forma podkre\u015bla unikatowo\u015b\u0107 naturalnych materia\u0142\u00f3w, kt\u00f3re zosta\u0142y u\u017cyte do stworzenia tego siedziska.<br \/>\nSprawd\u017a wszystkie wyko\u0144czenia i wybierz swojego idealnego Salaka!<\/p>\n","protected":false},"excerpt":{"rendered":"<p>HALL to wyj\u0105tkowe krzes\u0142o o stalowej konstrukcji.Minimalistyczna forma podkre\u015bla unikatowo\u015b\u0107 naturalnych materia\u0142\u00f3w, kt\u00f3re zosta\u0142y u\u017cyte do stworzenia tego siedziska. Sprawd\u017a wszystkie wyko\u0144czenia i wybierz swojego idealnego Salaka!<\/p>\n","protected":false},"featured_media":4934,"template":"","meta":{"_acf_changed":false},"product_brand":[],"product_cat":[241],"product_tag":[],"kampania":[],"class_list":{"0":"post-6671","1":"product","2":"type-product","3":"status-publish","4":"has-post-thumbnail","6":"product_cat-chaises-fauteuils","8":"first","9":"instock","10":"taxable","11":"shipping-taxable","12":"purchasable","13":"product-type-simple"},"acf":[],"_links":{"self":[{"href":"https:\/\/salak.com.pl\/fr\/wp-json\/wp\/v2\/product\/6671","targetHints":{"allow":["GET"]}}],"collection":[{"href":"https:\/\/salak.com.pl\/fr\/wp-json\/wp\/v2\/product"}],"about":[{"href":"https:\/\/salak.com.pl\/fr\/wp-json\/wp\/v2\/types\/product"}],"wp:featuredmedia":[{"embeddable":true,"href":"https:\/\/salak.com.pl\/fr\/wp-json\/wp\/v2\/media\/4934"}],"wp:attachment":[{"href":"https:\/\/salak.com.pl\/fr\/wp-json\/wp\/v2\/media?parent=6671"}],"wp:term":[{"taxonomy":"product_brand","embeddable":true,"href":"https:\/\/salak.com.pl\/fr\/wp-json\/wp\/v2\/product_brand?post=6671"},{"taxonomy":"product_cat","embeddable":true,"href":"https:\/\/salak.com.pl\/fr\/wp-json\/wp\/v2\/product_cat?post=6671"},{"taxonomy":"product_tag","embeddable":true,"href":"https:\/\/salak.com.pl\/fr\/wp-json\/wp\/v2\/product_tag?post=6671"},{"taxonomy":"kampania","embeddable":true,"href":"https:\/\/salak.com.pl\/fr\/wp-json\/wp\/v2\/kampania?post=6671"}],"curies":[{"name":"wp","href":"https:\/\/api.w.org\/{rel}","templated":true}]}}