{"id":6665,"date":"2024-12-13T20:12:36","date_gmt":"2024-12-13T19:12:36","guid":{"rendered":"https:\/\/salak.com.pl\/produkt\/ros\/"},"modified":"2026-02-10T12:12:37","modified_gmt":"2026-02-10T11:12:37","slug":"ros","status":"publish","type":"product","link":"https:\/\/salak.com.pl\/fr\/produkt\/ros\/","title":{"rendered":"ROS"},"content":{"rendered":"","protected":false},"excerpt":{"rendered":"<p>ROS to stolik wykonany z wysokiej jako\u015bci stali i litego, r\u0119cznie toczonego drewna jesionowego. Dzi\u0119ki swojej niewielkiej podstawie idealnie sprawdzi si\u0119 nawet w najmniejszych przestrzeniach.<\/p>\n","protected":false},"featured_media":4996,"template":"","meta":{"_acf_changed":false},"product_brand":[],"product_cat":[224,245],"product_tag":[],"kampania":[],"class_list":{"0":"post-6665","1":"product","2":"type-product","3":"status-publish","4":"has-post-thumbnail","6":"product_cat-tables-basses-fr","7":"product_cat-tables-dappoint-chevet","9":"first","10":"instock","11":"taxable","12":"shipping-taxable","13":"purchasable","14":"product-type-simple"},"acf":[],"_links":{"self":[{"href":"https:\/\/salak.com.pl\/fr\/wp-json\/wp\/v2\/product\/6665","targetHints":{"allow":["GET"]}}],"collection":[{"href":"https:\/\/salak.com.pl\/fr\/wp-json\/wp\/v2\/product"}],"about":[{"href":"https:\/\/salak.com.pl\/fr\/wp-json\/wp\/v2\/types\/product"}],"wp:featuredmedia":[{"embeddable":true,"href":"https:\/\/salak.com.pl\/fr\/wp-json\/wp\/v2\/media\/4996"}],"wp:attachment":[{"href":"https:\/\/salak.com.pl\/fr\/wp-json\/wp\/v2\/media?parent=6665"}],"wp:term":[{"taxonomy":"product_brand","embeddable":true,"href":"https:\/\/salak.com.pl\/fr\/wp-json\/wp\/v2\/product_brand?post=6665"},{"taxonomy":"product_cat","embeddable":true,"href":"https:\/\/salak.com.pl\/fr\/wp-json\/wp\/v2\/product_cat?post=6665"},{"taxonomy":"product_tag","embeddable":true,"href":"https:\/\/salak.com.pl\/fr\/wp-json\/wp\/v2\/product_tag?post=6665"},{"taxonomy":"kampania","embeddable":true,"href":"https:\/\/salak.com.pl\/fr\/wp-json\/wp\/v2\/kampania?post=6665"}],"curies":[{"name":"wp","href":"https:\/\/api.w.org\/{rel}","templated":true}]}}