{"id":4129,"date":"2024-09-30T13:56:25","date_gmt":"2024-09-30T11:56:25","guid":{"rendered":"https:\/\/salak.com.pl\/regulations\/"},"modified":"2025-05-27T15:27:12","modified_gmt":"2025-05-27T13:27:12","slug":"regulations","status":"publish","type":"page","link":"https:\/\/salak.com.pl\/fr\/regulations\/","title":{"rendered":"Regulations"},"content":{"rendered":"<p><strong>1.<\/strong>\u00a0Les prix des produits n&rsquo;incluent pas les frais de livraison.<\/p><p><strong>2.<\/strong>\u00a0Tous les prix des produits indiqu\u00e9s sur le site salak.com.pl sont des prix bruts en zloty polonais ou en euros.<\/p><p><strong>3.<\/strong>\u00a0L&rsquo;ex\u00e9cution de la commande d\u00e9bute d\u00e8s r\u00e9ception par le vendeur du paiement sur le compte bancaire de la soci\u00e9t\u00e9 :<\/p><p>SALAK ING BANK:&nbsp;PL <strong>77 1050 1764 1000 0090 8447 5178<\/strong><\/p><p><strong>4.<\/strong>\u00a0Le retrait personnel est possible aux points d\u00e9sign\u00e9s, apr\u00e8s accord pr\u00e9alable avec le vendeur.<\/p><p><strong>5.<\/strong>\u00a0Le propri\u00e9taire du site Web et du magasin, ainsi que le vendeur au sens des dispositions du Code civil, est la soci\u00e9t\u00e9 S A L A K Sp. z o.o. ayant son si\u00e8ge social \u00e0 Dobrzewino, rue D\u0119bowa 17, inscrite au Registre national des tribunaux sous le num\u00e9ro NIP <strong>5882522759<\/strong> et le num\u00e9ro REGON <strong>540342290<\/strong>, ci-apr\u00e8s d\u00e9nomm\u00e9e le Vendeur.<\/p><p><strong>6.<\/strong>\u00a0Le donneur d&rsquo;ordre est tenu de v\u00e9rifier l&rsquo;\u00e9tat de l&rsquo;envoi et son contenu en pr\u00e9sence du fournisseur.<\/p><p><strong>7.<\/strong>\u00a0Tous les produits propos\u00e9s par la boutique salak.com.pl sont neufs et couverts par une garantie du fabricant pour une p\u00e9riode de 12 mois.<\/p><p><strong>8.<\/strong>\u00a0Toute r\u00e9clamation sera examin\u00e9e dans un d\u00e9lai de 14 jours \u00e0 compter de la date de r\u00e9ception de la r\u00e9clamation.<\/p><p><strong>9.<\/strong>\u00a0Le vendeur peut refuser d&rsquo;accepter une r\u00e9clamation si les marchandises sont retourn\u00e9es sans notification pr\u00e9alable au vendeur par le client.<\/p><p><strong>10.<\/strong> Les plaintes doivent \u00eatre soumises par \u00e9crit ou par voie \u00e9lectronique.<\/p><p><strong>10\/A Nous offrons uniquement la meilleure qualit\u00e9. Nous ne sommes pas responsables des services des autres magasins qui vendent nos produits. Cependant, si vous n&rsquo;avez pas achet\u00e9 notre produit directement sur notre site web, mais avez utilis\u00e9 les services d&rsquo;un autre distributeur, et que vous avez des questions ou un probl\u00e8me, n&rsquo;h\u00e9sitez pas \u00e0 nous \u00e9crire.<\/strong><\/p><p><strong>11.<\/strong>\u00a0Si la r\u00e9clamation est accept\u00e9e, le vendeur renverra \u00e0 l&rsquo;acheteur un nouveau produit de pleine valeur aux frais du vendeur.<\/p><p><strong>12<\/strong>. Le donneur d&rsquo;ordre a le droit de se r\u00e9tracter du contrat dans un d\u00e9lai de 10 jours \u00e0 compter de sa conclusion. Cette disposition s&rsquo;applique uniquement aux produits d\u00e9j\u00e0 fabriqu\u00e9s. Les produits sur commande ne sont pas repris.<\/p><p><strong>13.<\/strong>\u00a0En cas de r\u00e9tractation du contrat, les frais de port seront \u00e0 la charge de l&rsquo;acheteur.<\/p><p><strong>14.<\/strong>\u00a0En cas de r\u00e9tractation du contrat, le produit doit \u00eatre livr\u00e9 dans le m\u00eame \u00e9tat dans lequel il a \u00e9t\u00e9 livr\u00e9 au donneur d&rsquo;ordre.<\/p><p><strong>15.<\/strong>\u00a0La livraison de la commande \u00e0 partir du moment o\u00f9 le virement est cr\u00e9dit\u00e9 sur le compte bancaire du vendeur est de 5 \u00e0 40 jours ouvrables.<\/p><p><strong>16.<\/strong>\u00a0L&rsquo;administrateur des donn\u00e9es personnelles est la soci\u00e9t\u00e9 S A L A K Sp. z o.o., dont le si\u00e8ge social est situ\u00e9 \u00e0 Dobrzewino, rue D\u0119bowa 17, immatricul\u00e9e au Registre national des soci\u00e9t\u00e9s sous le num\u00e9ro NIP 5882522759 et le num\u00e9ro REGON 540342290, ci-apr\u00e8s d\u00e9nomm\u00e9e le Vendeur. L&rsquo;administrateur est tenu de prendre toutes les mesures possibles et l\u00e9galement autoris\u00e9es pour prot\u00e9ger les donn\u00e9es personnelles des Clients contre tout acc\u00e8s par des personnes non autoris\u00e9es. L&rsquo;administrateur s&rsquo;engage \u00e0 utiliser les donn\u00e9es personnelles des Clients uniquement \u00e0 des fins li\u00e9es \u00e0 l&rsquo;ex\u00e9cution de la commande. L&rsquo;administrateur ne peut utiliser les donn\u00e9es collect\u00e9es \u00e0 des fins de marketing qu&rsquo;apr\u00e8s avoir obtenu le consentement expr\u00e8s du Client.<\/p><p><strong>17.<\/strong>Les produits fabriqu\u00e9s sur commande sont enti\u00e8rement couverts par la garantie, mais ne sont pas retournables.<\/p><p><strong>18.<\/strong>\u00a0Le bois est un mat\u00e9riau extr\u00eamement noble. Cependant, comme tout mat\u00e9riau naturel, il poss\u00e8de ses propres propri\u00e9t\u00e9s. Il se travaille, se d\u00e9forme et vieillit naturellement. Ce n&rsquo;est pas un d\u00e9faut, mais une caract\u00e9ristique sp\u00e9cifique qui prouve son caract\u00e8re unique. Lorsque nous achetons des produits en bois, nous achetons un mat\u00e9riau cr\u00e9\u00e9 par la nature. Des variations de teintes se produisent m\u00eame au sein d&rsquo;une m\u00eame essence. Avec le temps, sa couleur, son humidit\u00e9, sa densit\u00e9 et sa durabilit\u00e9 \u00e9voluent \u00e9galement. Il s&rsquo;agit d&rsquo;un processus naturel. La couleur du bois expos\u00e9 au soleil change. Sous l&rsquo;influence des variations d&rsquo;humidit\u00e9, il gonfle et se r\u00e9tracte. Tous ces changements ne sont pas un d\u00e9faut, mais une caract\u00e9ristique sp\u00e9cifique de ce mat\u00e9riau unique.<\/p>","protected":false},"excerpt":{"rendered":"<p>1.\u00a0Les prix des produits n&rsquo;incluent pas les frais de livraison. 2.\u00a0Tous les prix des produits indiqu\u00e9s sur le site salak.com.pl sont des prix bruts en zloty polonais ou en euros. 3.\u00a0L&rsquo;ex\u00e9cution de la commande d\u00e9bute d\u00e8s r\u00e9ception par le vendeur du paiement sur le compte bancaire de la soci\u00e9t\u00e9 : SALAK ING BANK:&nbsp;PL 77 1050 [&hellip;]<\/p>\n","protected":false},"author":1,"featured_media":0,"parent":0,"menu_order":0,"comment_status":"closed","ping_status":"closed","template":"page-regulamin.php","meta":{"_acf_changed":false,"footnotes":""},"class_list":["post-4129","page","type-page","status-publish","hentry"],"acf":[],"_links":{"self":[{"href":"https:\/\/salak.com.pl\/fr\/wp-json\/wp\/v2\/pages\/4129","targetHints":{"allow":["GET"]}}],"collection":[{"href":"https:\/\/salak.com.pl\/fr\/wp-json\/wp\/v2\/pages"}],"about":[{"href":"https:\/\/salak.com.pl\/fr\/wp-json\/wp\/v2\/types\/page"}],"author":[{"embeddable":true,"href":"https:\/\/salak.com.pl\/fr\/wp-json\/wp\/v2\/users\/1"}],"replies":[{"embeddable":true,"href":"https:\/\/salak.com.pl\/fr\/wp-json\/wp\/v2\/comments?post=4129"}],"version-history":[{"count":2,"href":"https:\/\/salak.com.pl\/fr\/wp-json\/wp\/v2\/pages\/4129\/revisions"}],"predecessor-version":[{"id":7804,"href":"https:\/\/salak.com.pl\/fr\/wp-json\/wp\/v2\/pages\/4129\/revisions\/7804"}],"wp:attachment":[{"href":"https:\/\/salak.com.pl\/fr\/wp-json\/wp\/v2\/media?parent=4129"}],"curies":[{"name":"wp","href":"https:\/\/api.w.org\/{rel}","templated":true}]}}