{"id":4111,"date":"2024-10-19T21:08:59","date_gmt":"2024-10-19T19:08:59","guid":{"rendered":"https:\/\/salak.com.pl\/privacy-policy\/"},"modified":"2025-03-19T12:54:25","modified_gmt":"2025-03-19T11:54:25","slug":"privacy-policy","status":"publish","type":"page","link":"https:\/\/salak.com.pl\/fr\/privacy-policy\/","title":{"rendered":"Politique de confidentialit\u00e9"},"content":{"rendered":"<p><\/p><p>Notre politique de remboursement et de retour est valable 14 jours. Pass\u00e9 ce d\u00e9lai, nous ne pouvons pas vous offrir un remboursement complet ni un \u00e9change.<\/p><p>Pour pouvoir b\u00e9n\u00e9ficier d&rsquo;un retour, votre article doit \u00eatre inutilis\u00e9 et dans le m\u00eame \u00e9tat que lorsque vous l&rsquo;avez re\u00e7u. Il doit \u00e9galement \u00eatre dans son emballage d&rsquo;origine.<\/p><p><\/p><p>Articles non retournables\u00a0:<\/p><ul class=\"wp-block-list\"><li>Cartes cadeaux<\/li>\n\n<li>Produits hors entrep\u00f4t fabriqu\u00e9s sur commande<\/li><\/ul><p>Pour effectuer un retour, nous avons besoin d&rsquo;un re\u00e7u ou d&rsquo;une preuve d&rsquo;achat.<\/p><p>Veuillez ne pas retourner les articles achet\u00e9s au fabricant sans en avoir inform\u00e9 le fabricant au pr\u00e9alable.<\/p><h2 class=\"wp-block-heading\">Remboursements<\/h2><p>Une fois votre retour re\u00e7u et inspect\u00e9, nous vous enverrons un e-mail pour vous informer de sa r\u00e9ception. Nous vous informerons \u00e9galement de l&rsquo;approbation ou du rejet de votre remboursement.<\/p><p>Si votre demande est approuv\u00e9e, votre remboursement sera trait\u00e9 et un cr\u00e9dit sera automatiquement appliqu\u00e9 \u00e0 votre carte de cr\u00e9dit ou \u00e0 votre mode de paiement initial, dans un d\u00e9lai de 14 jours.<\/p><h2 class=\"wp-block-heading\">Remboursements en retard ou manquants<\/h2><p>Si vous n&rsquo;avez pas encore re\u00e7u votre remboursement, veuillez d&rsquo;abord consulter \u00e0 nouveau votre compte bancaire.<\/p><p>Contactez ensuite votre soci\u00e9t\u00e9 de carte de cr\u00e9dit&nbsp;; l&rsquo;affichage officiel de votre remboursement peut prendre un certain temps.<\/p><p>Contactez ensuite votre banque. Un d\u00e9lai de traitement est souvent n\u00e9cessaire avant qu&rsquo;un remboursement ne soit affich\u00e9.<\/p><p>Si vous n&rsquo;avez toujours pas re\u00e7u votre remboursement apr\u00e8s avoir effectu\u00e9 toutes ces \u00e9tapes, veuillez nous contacter \u00e0 l&rsquo;adresse support@salak.com.pl<\/p><p><\/p><h2 class=\"wp-block-heading\">\u00c9changes<\/h2><p>Nous rempla\u00e7ons uniquement les articles d\u00e9fectueux ou endommag\u00e9s. Si vous souhaitez un \u00e9change contre le m\u00eame article, envoyez-nous un e-mail \u00e0 support@salak.com.pl et renvoyez-nous votre article apr\u00e8s nous en \u00eatre inform\u00e9s \u00e0\u00a0: <br><strong>POLAND <br>ul. D\u0119bowa 17 <br>84-208 Dobrzewino<\/strong><\/p><p><\/p><h2 class=\"wp-block-heading\">Retours et exp\u00e9ditions<\/h2><p>Pour retourner votre produit, veuillez l&rsquo;envoyer par courrier \u00e0&nbsp;: support@salak.com.pl<\/p><p>Les frais de port sont \u00e0 votre charge. Ils ne sont pas remboursables. Si vous recevez un remboursement, les frais de retour seront d\u00e9duits de celui-ci.<\/p><p>Le d\u00e9lai de r\u00e9ception du produit \u00e9chang\u00e9 peut varier selon votre lieu de r\u00e9sidence.<\/p><p>Si vous retournez des articles plus chers, vous pouvez envisager d&rsquo;utiliser un service de livraison avec suivi ou de souscrire une assurance livraison. Nous ne garantissons pas la r\u00e9ception de votre article retourn\u00e9.<\/p><h2 class=\"wp-block-heading\">Besoin d&rsquo;aide\u00a0?<\/h2><p>Contactez-nous \u00e0 l&rsquo;adresse support@salak.com.pl pour toute question relative aux remboursements et aux retours.<\/p><p><\/p>","protected":false},"excerpt":{"rendered":"<p>Notre politique de remboursement et de retour est valable 14 jours. Pass\u00e9 ce d\u00e9lai, nous ne pouvons pas vous offrir un remboursement complet ni un \u00e9change. Pour pouvoir b\u00e9n\u00e9ficier d&rsquo;un retour, votre article doit \u00eatre inutilis\u00e9 et dans le m\u00eame \u00e9tat que lorsque vous l&rsquo;avez re\u00e7u. Il doit \u00e9galement \u00eatre dans son emballage d&rsquo;origine. Articles [&hellip;]<\/p>\n","protected":false},"author":1,"featured_media":0,"parent":0,"menu_order":0,"comment_status":"closed","ping_status":"closed","template":"page-regulamin.php","meta":{"_acf_changed":false,"footnotes":""},"class_list":["post-4111","page","type-page","status-publish","hentry"],"acf":[],"_links":{"self":[{"href":"https:\/\/salak.com.pl\/fr\/wp-json\/wp\/v2\/pages\/4111","targetHints":{"allow":["GET"]}}],"collection":[{"href":"https:\/\/salak.com.pl\/fr\/wp-json\/wp\/v2\/pages"}],"about":[{"href":"https:\/\/salak.com.pl\/fr\/wp-json\/wp\/v2\/types\/page"}],"author":[{"embeddable":true,"href":"https:\/\/salak.com.pl\/fr\/wp-json\/wp\/v2\/users\/1"}],"replies":[{"embeddable":true,"href":"https:\/\/salak.com.pl\/fr\/wp-json\/wp\/v2\/comments?post=4111"}],"version-history":[{"count":2,"href":"https:\/\/salak.com.pl\/fr\/wp-json\/wp\/v2\/pages\/4111\/revisions"}],"predecessor-version":[{"id":6873,"href":"https:\/\/salak.com.pl\/fr\/wp-json\/wp\/v2\/pages\/4111\/revisions\/6873"}],"wp:attachment":[{"href":"https:\/\/salak.com.pl\/fr\/wp-json\/wp\/v2\/media?parent=4111"}],"curies":[{"name":"wp","href":"https:\/\/api.w.org\/{rel}","templated":true}]}}