{"id":9460,"date":"2025-08-06T08:59:05","date_gmt":"2025-08-06T06:59:05","guid":{"rendered":"https:\/\/salak.com.pl\/?post_type=product&#038;p=9460"},"modified":"2025-08-13T08:59:17","modified_gmt":"2025-08-13T06:59:17","slug":"mono-recollection","status":"publish","type":"product","link":"https:\/\/salak.com.pl\/en\/produkt\/mono-recollection\/","title":{"rendered":"MONO &#8211; RECOLLECTION"},"content":{"rendered":"","protected":false},"excerpt":{"rendered":"<p><span class=\"HwtZe\" lang=\"pl\"><span class=\"jCAhz ChMk0b\"><span class=\"ryNqvb\">MONO to wyj\u0105tkowy st\u00f3\u0142 o rze\u017abiarskiej formie, kt\u00f3ry z \u0142atwo\u015bci\u0105 pomie\u015bci krzes\u0142a w r\u00f3\u017cnych stylach.<\/span><\/span> <span class=\"jCAhz ChMk0b\"><span class=\"ryNqvb\">Zaprojektowany do ma\u0142ych przestrzeni, idealnie nadaje si\u0119 dla 1-2 os\u00f3b.<\/span><\/span><\/span><\/p>\n","protected":false},"featured_media":9321,"template":"","meta":{"_acf_changed":false},"product_brand":[],"product_cat":[370],"product_tag":[],"kampania":[],"class_list":{"0":"post-9460","1":"product","2":"type-product","3":"status-publish","4":"has-post-thumbnail","6":"product_cat-recollection-en","7":"odznaki-recollection","9":"first","10":"instock","11":"sale","12":"taxable","13":"shipping-taxable","14":"purchasable","15":"product-type-simple"},"acf":[],"_links":{"self":[{"href":"https:\/\/salak.com.pl\/en\/wp-json\/wp\/v2\/product\/9460","targetHints":{"allow":["GET"]}}],"collection":[{"href":"https:\/\/salak.com.pl\/en\/wp-json\/wp\/v2\/product"}],"about":[{"href":"https:\/\/salak.com.pl\/en\/wp-json\/wp\/v2\/types\/product"}],"wp:featuredmedia":[{"embeddable":true,"href":"https:\/\/salak.com.pl\/en\/wp-json\/wp\/v2\/media\/9321"}],"wp:attachment":[{"href":"https:\/\/salak.com.pl\/en\/wp-json\/wp\/v2\/media?parent=9460"}],"wp:term":[{"taxonomy":"product_brand","embeddable":true,"href":"https:\/\/salak.com.pl\/en\/wp-json\/wp\/v2\/product_brand?post=9460"},{"taxonomy":"product_cat","embeddable":true,"href":"https:\/\/salak.com.pl\/en\/wp-json\/wp\/v2\/product_cat?post=9460"},{"taxonomy":"product_tag","embeddable":true,"href":"https:\/\/salak.com.pl\/en\/wp-json\/wp\/v2\/product_tag?post=9460"},{"taxonomy":"kampania","embeddable":true,"href":"https:\/\/salak.com.pl\/en\/wp-json\/wp\/v2\/kampania?post=9460"}],"curies":[{"name":"wp","href":"https:\/\/api.w.org\/{rel}","templated":true}]}}