{"id":9039,"date":"2025-07-17T10:43:34","date_gmt":"2025-07-17T08:43:34","guid":{"rendered":"https:\/\/salak.com.pl\/?post_type=product&#038;p=9039"},"modified":"2026-02-10T11:19:57","modified_gmt":"2026-02-10T10:19:57","slug":"big-sen","status":"publish","type":"product","link":"https:\/\/salak.com.pl\/en\/produkt\/big-sen\/","title":{"rendered":"BIG SEN"},"content":{"rendered":"","protected":false},"excerpt":{"rendered":"<p>SEN to uniwersalny mebel o minimalistycznej, rze\u017abiarskiej formie.<br \/>\nRozgo\u015b\u0107 si\u0119 wygodnie i znajd\u017a swojego idealnego Salaka!<\/p>\n","protected":false},"featured_media":9062,"template":"","meta":{"_acf_changed":false},"product_brand":[],"product_cat":[96,90,91,97,94],"product_tag":[],"kampania":[],"class_list":{"0":"post-9039","1":"product","2":"type-product","3":"status-publish","4":"has-post-thumbnail","6":"product_cat-coffee-tables","7":"product_cat-new-products","8":"product_cat-seats","9":"product_cat-side-tables-bedside-tables","10":"product_cat-stools-hockers","11":"odznaki-new","13":"first","14":"instock","15":"taxable","16":"shipping-taxable","17":"purchasable","18":"product-type-simple"},"acf":[],"_links":{"self":[{"href":"https:\/\/salak.com.pl\/en\/wp-json\/wp\/v2\/product\/9039","targetHints":{"allow":["GET"]}}],"collection":[{"href":"https:\/\/salak.com.pl\/en\/wp-json\/wp\/v2\/product"}],"about":[{"href":"https:\/\/salak.com.pl\/en\/wp-json\/wp\/v2\/types\/product"}],"wp:featuredmedia":[{"embeddable":true,"href":"https:\/\/salak.com.pl\/en\/wp-json\/wp\/v2\/media\/9062"}],"wp:attachment":[{"href":"https:\/\/salak.com.pl\/en\/wp-json\/wp\/v2\/media?parent=9039"}],"wp:term":[{"taxonomy":"product_brand","embeddable":true,"href":"https:\/\/salak.com.pl\/en\/wp-json\/wp\/v2\/product_brand?post=9039"},{"taxonomy":"product_cat","embeddable":true,"href":"https:\/\/salak.com.pl\/en\/wp-json\/wp\/v2\/product_cat?post=9039"},{"taxonomy":"product_tag","embeddable":true,"href":"https:\/\/salak.com.pl\/en\/wp-json\/wp\/v2\/product_tag?post=9039"},{"taxonomy":"kampania","embeddable":true,"href":"https:\/\/salak.com.pl\/en\/wp-json\/wp\/v2\/kampania?post=9039"}],"curies":[{"name":"wp","href":"https:\/\/api.w.org\/{rel}","templated":true}]}}