{"id":8969,"date":"2025-07-16T10:54:06","date_gmt":"2025-07-16T08:54:06","guid":{"rendered":"https:\/\/salak.com.pl\/?post_type=product&#038;p=8969"},"modified":"2025-07-17T12:31:13","modified_gmt":"2025-07-17T10:31:13","slug":"an-su-spicy-red-recollection","status":"publish","type":"product","link":"https:\/\/salak.com.pl\/en\/produkt\/an-su-spicy-red-recollection\/","title":{"rendered":"AN SU SPICY RED- RECOLLECTION"},"content":{"rendered":"<p>LEN to minimalistyczny stolik kawowy o rze\u017abiarskiej, ponadczasowej formie. Dzi\u0119ki niewielkiej podstawie z powodzeniem odnajdzie si\u0119 nawet w najmniejszych przestrzeniach.<\/p>\n","protected":false},"excerpt":{"rendered":"<p>LEN to minimalistyczny stolik kawowy o rze\u017abiarskiej, ponadczasowej formie. Dzi\u0119ki niewielkiej podstawie z powodzeniem odnajdzie si\u0119 nawet w najmniejszych przestrzeniach.<\/p>\n","protected":false},"featured_media":10592,"template":"","meta":{"_acf_changed":false},"product_brand":[],"product_cat":[370],"product_tag":[],"kampania":[],"class_list":{"0":"post-8969","1":"product","2":"type-product","3":"status-publish","4":"has-post-thumbnail","6":"product_cat-recollection-en","7":"odznaki-recollection-shipping-within-2-days","9":"first","10":"instock","11":"sale","12":"taxable","13":"shipping-taxable","14":"purchasable","15":"product-type-simple"},"acf":[],"_links":{"self":[{"href":"https:\/\/salak.com.pl\/en\/wp-json\/wp\/v2\/product\/8969","targetHints":{"allow":["GET"]}}],"collection":[{"href":"https:\/\/salak.com.pl\/en\/wp-json\/wp\/v2\/product"}],"about":[{"href":"https:\/\/salak.com.pl\/en\/wp-json\/wp\/v2\/types\/product"}],"wp:featuredmedia":[{"embeddable":true,"href":"https:\/\/salak.com.pl\/en\/wp-json\/wp\/v2\/media\/10592"}],"wp:attachment":[{"href":"https:\/\/salak.com.pl\/en\/wp-json\/wp\/v2\/media?parent=8969"}],"wp:term":[{"taxonomy":"product_brand","embeddable":true,"href":"https:\/\/salak.com.pl\/en\/wp-json\/wp\/v2\/product_brand?post=8969"},{"taxonomy":"product_cat","embeddable":true,"href":"https:\/\/salak.com.pl\/en\/wp-json\/wp\/v2\/product_cat?post=8969"},{"taxonomy":"product_tag","embeddable":true,"href":"https:\/\/salak.com.pl\/en\/wp-json\/wp\/v2\/product_tag?post=8969"},{"taxonomy":"kampania","embeddable":true,"href":"https:\/\/salak.com.pl\/en\/wp-json\/wp\/v2\/kampania?post=8969"}],"curies":[{"name":"wp","href":"https:\/\/api.w.org\/{rel}","templated":true}]}}