{"id":8528,"date":"2025-06-16T10:46:50","date_gmt":"2025-06-16T08:46:50","guid":{"rendered":"https:\/\/salak.com.pl\/?post_type=product&#038;p=8528"},"modified":"2026-02-10T12:54:34","modified_gmt":"2026-02-10T11:54:34","slug":"cherry-limited-quantity","status":"publish","type":"product","link":"https:\/\/salak.com.pl\/en\/produkt\/cherry-limited-quantity\/","title":{"rendered":"CHERRY-limited quantity"},"content":{"rendered":"<p>CHERRY is a versatile table with an exceptionally minimalist design. Its simple yet intriguing form makes it a perfect fit even for the most sophisticated interiors.<\/p>\n","protected":false},"excerpt":{"rendered":"<p>CHERRY to uniwersalny stolik o wyj\u0105tkowo minimalistycznej formie. Dzi\u0119ki swojej prostej lecz nieoczywistej formie z powodzeniem odnajdzie si\u0119 w nawet najbardziej wyszukanych wn\u0119trzach.<\/p>\n","protected":false},"featured_media":8538,"template":"","meta":{"_acf_changed":false},"product_brand":[],"product_cat":[344],"product_tag":[],"kampania":[],"class_list":{"0":"post-8528","1":"product","2":"type-product","3":"status-publish","4":"has-post-thumbnail","6":"product_cat-dostepneodreki-en","7":"odznaki-shipping-within-2-business-days","9":"first","10":"instock","11":"sale","12":"taxable","13":"shipping-taxable","14":"purchasable","15":"product-type-simple"},"acf":[],"_links":{"self":[{"href":"https:\/\/salak.com.pl\/en\/wp-json\/wp\/v2\/product\/8528","targetHints":{"allow":["GET"]}}],"collection":[{"href":"https:\/\/salak.com.pl\/en\/wp-json\/wp\/v2\/product"}],"about":[{"href":"https:\/\/salak.com.pl\/en\/wp-json\/wp\/v2\/types\/product"}],"wp:featuredmedia":[{"embeddable":true,"href":"https:\/\/salak.com.pl\/en\/wp-json\/wp\/v2\/media\/8538"}],"wp:attachment":[{"href":"https:\/\/salak.com.pl\/en\/wp-json\/wp\/v2\/media?parent=8528"}],"wp:term":[{"taxonomy":"product_brand","embeddable":true,"href":"https:\/\/salak.com.pl\/en\/wp-json\/wp\/v2\/product_brand?post=8528"},{"taxonomy":"product_cat","embeddable":true,"href":"https:\/\/salak.com.pl\/en\/wp-json\/wp\/v2\/product_cat?post=8528"},{"taxonomy":"product_tag","embeddable":true,"href":"https:\/\/salak.com.pl\/en\/wp-json\/wp\/v2\/product_tag?post=8528"},{"taxonomy":"kampania","embeddable":true,"href":"https:\/\/salak.com.pl\/en\/wp-json\/wp\/v2\/kampania?post=8528"}],"curies":[{"name":"wp","href":"https:\/\/api.w.org\/{rel}","templated":true}]}}