{"id":7483,"date":"2025-05-17T15:02:26","date_gmt":"2025-05-17T13:02:26","guid":{"rendered":"https:\/\/salak.com.pl\/?post_type=product&#038;p=7483"},"modified":"2025-10-14T10:42:38","modified_gmt":"2025-10-14T08:42:38","slug":"tert","status":"publish","type":"product","link":"https:\/\/salak.com.pl\/en\/produkt\/tert\/","title":{"rendered":"TERT"},"content":{"rendered":"<p><strong>ZEN<\/strong>\u00a0to geometryczny rega\u0142 o wyj\u0105tkowo rze\u017abiarskiej formie.\u00a0Wykonany jest\u00a0wysokiej jako\u015bci\u00a0stali malowanej proszkowo.\u00a0Swoimi wymiarami dopasowany jest do przechowywania p\u0142yt winylowych, ksi\u0105\u017cek i innych drobiazg\u00f3w codziennego u\u017cytku.<\/p>\n","protected":false},"excerpt":{"rendered":"<p><strong>ZEN<\/strong>\u00a0to geometryczny rega\u0142 o wyj\u0105tkowo rze\u017abiarskiej formie.\u00a0Wykonany jest\u00a0wysokiej jako\u015bci\u00a0stali malowanej proszkowo.\u00a0Swoimi wymiarami dopasowany jest do przechowywania p\u0142yt winylowych, ksi\u0105\u017cek i innych drobiazg\u00f3w codziennego u\u017cytku.<\/p>\n","protected":false},"featured_media":7576,"template":"","meta":{"_acf_changed":false},"product_brand":[],"product_cat":[114,90,113],"product_tag":[],"kampania":[],"class_list":{"0":"post-7483","1":"product","2":"type-product","3":"status-publish","4":"has-post-thumbnail","6":"product_cat-consoles","7":"product_cat-new-products","8":"product_cat-storage","9":"odznaki-new","11":"first","12":"instock","13":"taxable","14":"shipping-taxable","15":"purchasable","16":"product-type-simple"},"acf":[],"_links":{"self":[{"href":"https:\/\/salak.com.pl\/en\/wp-json\/wp\/v2\/product\/7483","targetHints":{"allow":["GET"]}}],"collection":[{"href":"https:\/\/salak.com.pl\/en\/wp-json\/wp\/v2\/product"}],"about":[{"href":"https:\/\/salak.com.pl\/en\/wp-json\/wp\/v2\/types\/product"}],"wp:featuredmedia":[{"embeddable":true,"href":"https:\/\/salak.com.pl\/en\/wp-json\/wp\/v2\/media\/7576"}],"wp:attachment":[{"href":"https:\/\/salak.com.pl\/en\/wp-json\/wp\/v2\/media?parent=7483"}],"wp:term":[{"taxonomy":"product_brand","embeddable":true,"href":"https:\/\/salak.com.pl\/en\/wp-json\/wp\/v2\/product_brand?post=7483"},{"taxonomy":"product_cat","embeddable":true,"href":"https:\/\/salak.com.pl\/en\/wp-json\/wp\/v2\/product_cat?post=7483"},{"taxonomy":"product_tag","embeddable":true,"href":"https:\/\/salak.com.pl\/en\/wp-json\/wp\/v2\/product_tag?post=7483"},{"taxonomy":"kampania","embeddable":true,"href":"https:\/\/salak.com.pl\/en\/wp-json\/wp\/v2\/kampania?post=7483"}],"curies":[{"name":"wp","href":"https:\/\/api.w.org\/{rel}","templated":true}]}}