{"id":3252,"date":"2025-01-03T16:12:19","date_gmt":"2025-01-03T15:12:19","guid":{"rendered":"https:\/\/salak.com.pl\/?post_type=product&#038;p=3252"},"modified":"2025-09-12T11:39:44","modified_gmt":"2025-09-12T09:39:44","slug":"gift-box-gift-card","status":"publish","type":"product","link":"https:\/\/salak.com.pl\/en\/produkt\/gift-box-gift-card\/","title":{"rendered":"GIFT BOX \/ GIFT CARD"},"content":{"rendered":"<p>FIB to stolik wykonany z wysokiej jako\u015bci stali i litego, r\u0119cznie toczonego drewna jesionowego. Dzi\u0119ki swojej niewielkiej podstawie idealnie sprawdzi si\u0119 w nawet najmniejszych przestrzeniach.<\/p>\n","protected":false},"excerpt":{"rendered":"<p>FIB to stolik wykonany z wysokiej jako\u015bci stali i litego, r\u0119cznie toczonego drewna jesionowego. Dzi\u0119ki swojej niewielkiej podstawie idealnie sprawdzi si\u0119 w nawet najmniejszych przestrzeniach.<\/p>\n","protected":false},"featured_media":4045,"template":"","meta":{"_acf_changed":false},"product_brand":[],"product_cat":[88,89,111],"product_tag":[194,195,196,197,198],"kampania":[],"class_list":{"0":"post-3252","1":"product","2":"type-product","3":"status-publish","4":"has-post-thumbnail","6":"product_cat-accessories","7":"product_cat-bestsellers","8":"product_cat-gift-box-gift-cards","9":"product_tag-drewo-en","10":"product_tag-nocne-en","11":"product_tag-stal-en","12":"product_tag-stolik-kawowy-en","13":"product_tag-stolik-pomocnicze-en","14":"czas_wysylki-2-5-dni","16":"first","17":"instock","18":"taxable","19":"shipping-taxable","20":"purchasable","21":"product-type-simple"},"acf":[],"_links":{"self":[{"href":"https:\/\/salak.com.pl\/en\/wp-json\/wp\/v2\/product\/3252","targetHints":{"allow":["GET"]}}],"collection":[{"href":"https:\/\/salak.com.pl\/en\/wp-json\/wp\/v2\/product"}],"about":[{"href":"https:\/\/salak.com.pl\/en\/wp-json\/wp\/v2\/types\/product"}],"wp:featuredmedia":[{"embeddable":true,"href":"https:\/\/salak.com.pl\/en\/wp-json\/wp\/v2\/media\/4045"}],"wp:attachment":[{"href":"https:\/\/salak.com.pl\/en\/wp-json\/wp\/v2\/media?parent=3252"}],"wp:term":[{"taxonomy":"product_brand","embeddable":true,"href":"https:\/\/salak.com.pl\/en\/wp-json\/wp\/v2\/product_brand?post=3252"},{"taxonomy":"product_cat","embeddable":true,"href":"https:\/\/salak.com.pl\/en\/wp-json\/wp\/v2\/product_cat?post=3252"},{"taxonomy":"product_tag","embeddable":true,"href":"https:\/\/salak.com.pl\/en\/wp-json\/wp\/v2\/product_tag?post=3252"},{"taxonomy":"kampania","embeddable":true,"href":"https:\/\/salak.com.pl\/en\/wp-json\/wp\/v2\/kampania?post=3252"}],"curies":[{"name":"wp","href":"https:\/\/api.w.org\/{rel}","templated":true}]}}