{"id":1751,"date":"2024-12-13T20:13:53","date_gmt":"2024-12-13T19:13:53","guid":{"rendered":"https:\/\/salak.com.pl\/?post_type=product&#038;p=1751"},"modified":"2026-02-11T11:40:54","modified_gmt":"2026-02-11T10:40:54","slug":"pop","status":"publish","type":"product","link":"https:\/\/salak.com.pl\/en\/produkt\/pop\/","title":{"rendered":"POP"},"content":{"rendered":"<p>POP to minimalistyczna p\u00f3\u0142ka \u015bcienna i kwietnik w jednym. Produkt wykonany jest z wysokiej jako\u015bci stali i r\u0119cznie toczonego drewna jesionowego.Rozgo\u015b\u0107 si\u0119 wygodnie i znajd\u017a swojego idealnego Salaka!<\/p>\n","protected":false},"excerpt":{"rendered":"<p>POP to minimalistyczna p\u00f3\u0142ka \u015bcienna i kwietnik w jednym. Produkt wykonany jest z wysokiej jako\u015bci stali i r\u0119cznie toczonego drewna jesionowego.Rozgo\u015b\u0107 si\u0119 wygodnie i znajd\u017a swojego idealnego Salaka!<\/p>\n","protected":false},"featured_media":7764,"template":"","meta":{"_acf_changed":false},"product_brand":[],"product_cat":[87],"product_tag":[],"kampania":[],"class_list":{"0":"post-1751","1":"product","2":"type-product","3":"status-publish","4":"has-post-thumbnail","6":"product_cat-shelves","8":"first","9":"instock","10":"taxable","11":"shipping-taxable","12":"purchasable","13":"product-type-simple"},"acf":[],"_links":{"self":[{"href":"https:\/\/salak.com.pl\/en\/wp-json\/wp\/v2\/product\/1751","targetHints":{"allow":["GET"]}}],"collection":[{"href":"https:\/\/salak.com.pl\/en\/wp-json\/wp\/v2\/product"}],"about":[{"href":"https:\/\/salak.com.pl\/en\/wp-json\/wp\/v2\/types\/product"}],"wp:featuredmedia":[{"embeddable":true,"href":"https:\/\/salak.com.pl\/en\/wp-json\/wp\/v2\/media\/7764"}],"wp:attachment":[{"href":"https:\/\/salak.com.pl\/en\/wp-json\/wp\/v2\/media?parent=1751"}],"wp:term":[{"taxonomy":"product_brand","embeddable":true,"href":"https:\/\/salak.com.pl\/en\/wp-json\/wp\/v2\/product_brand?post=1751"},{"taxonomy":"product_cat","embeddable":true,"href":"https:\/\/salak.com.pl\/en\/wp-json\/wp\/v2\/product_cat?post=1751"},{"taxonomy":"product_tag","embeddable":true,"href":"https:\/\/salak.com.pl\/en\/wp-json\/wp\/v2\/product_tag?post=1751"},{"taxonomy":"kampania","embeddable":true,"href":"https:\/\/salak.com.pl\/en\/wp-json\/wp\/v2\/kampania?post=1751"}],"curies":[{"name":"wp","href":"https:\/\/api.w.org\/{rel}","templated":true}]}}