{"id":1738,"date":"2024-12-13T20:11:34","date_gmt":"2024-12-13T19:11:34","guid":{"rendered":"https:\/\/salak.com.pl\/?post_type=product&#038;p=1738"},"modified":"2026-02-11T10:45:07","modified_gmt":"2026-02-11T09:45:07","slug":"hen","status":"publish","type":"product","link":"https:\/\/salak.com.pl\/en\/produkt\/hen\/","title":{"rendered":"HEN"},"content":{"rendered":"<p>HEN to geometryczna \u0142awa wykonana z wysokiej jako\u015bci stali, drewna jesionowego oraz r\u0119cznie toczonego drewna sosnowego. Dzi\u0119ki swojej minimalistycznej formie z powodzeniem odnajdzie si\u0119 w nawet najbardziej wyszukanych wn\u0119trzach.<\/p>\n<p>Dost\u0119pna w dw\u00f3ch wariantach: z tapicerowanym siedziskiem lub bez.<\/p>\n","protected":false},"excerpt":{"rendered":"<p>HEN to geometryczna \u0142awa wykonana z wysokiej jako\u015bci stali, drewna jesionowego oraz r\u0119cznie toczonego drewna sosnowego. Dzi\u0119ki swojej minimalistycznej formie z powodzeniem odnajdzie si\u0119 w nawet najbardziej wyszukanych wn\u0119trzach.<\/p>\n<p>Dost\u0119pna w dw\u00f3ch wariantach: z tapicerowanym siedziskiem lub bez.<\/p>\n","protected":false},"featured_media":1823,"template":"","meta":{"_acf_changed":false},"product_brand":[],"product_cat":[93],"product_tag":[],"kampania":[],"class_list":{"0":"post-1738","1":"product","2":"type-product","3":"status-publish","4":"has-post-thumbnail","6":"product_cat-benches","8":"first","9":"instock","10":"taxable","11":"shipping-taxable","12":"purchasable","13":"product-type-simple"},"acf":[],"_links":{"self":[{"href":"https:\/\/salak.com.pl\/en\/wp-json\/wp\/v2\/product\/1738","targetHints":{"allow":["GET"]}}],"collection":[{"href":"https:\/\/salak.com.pl\/en\/wp-json\/wp\/v2\/product"}],"about":[{"href":"https:\/\/salak.com.pl\/en\/wp-json\/wp\/v2\/types\/product"}],"wp:featuredmedia":[{"embeddable":true,"href":"https:\/\/salak.com.pl\/en\/wp-json\/wp\/v2\/media\/1823"}],"wp:attachment":[{"href":"https:\/\/salak.com.pl\/en\/wp-json\/wp\/v2\/media?parent=1738"}],"wp:term":[{"taxonomy":"product_brand","embeddable":true,"href":"https:\/\/salak.com.pl\/en\/wp-json\/wp\/v2\/product_brand?post=1738"},{"taxonomy":"product_cat","embeddable":true,"href":"https:\/\/salak.com.pl\/en\/wp-json\/wp\/v2\/product_cat?post=1738"},{"taxonomy":"product_tag","embeddable":true,"href":"https:\/\/salak.com.pl\/en\/wp-json\/wp\/v2\/product_tag?post=1738"},{"taxonomy":"kampania","embeddable":true,"href":"https:\/\/salak.com.pl\/en\/wp-json\/wp\/v2\/kampania?post=1738"}],"curies":[{"name":"wp","href":"https:\/\/api.w.org\/{rel}","templated":true}]}}