{"id":1729,"date":"2024-12-13T20:09:31","date_gmt":"2024-12-13T19:09:31","guid":{"rendered":"https:\/\/salak.com.pl\/?post_type=product&#038;p=1729"},"modified":"2026-02-12T14:59:46","modified_gmt":"2026-02-12T13:59:46","slug":"an-res","status":"publish","type":"product","link":"https:\/\/salak.com.pl\/en\/produkt\/an-res\/","title":{"rendered":"AN RES"},"content":{"rendered":"<p>AN RES to wyj\u0105tkowy st\u00f3\u0142 o rze\u017abiarskiej formie, do kt\u00f3rego z \u0142atwo\u015bci\u0105 dopasujesz krzes\u0142a o r\u00f3\u017cnym charakterze. Salaki te dzi\u0119ki swojej minimalistycznej formie stan\u0105 si\u0119 idealn\u0105 i nienachaln\u0105 baz\u0105 do dowolnie wybranej przez Ciebie przestrzeni.<\/p>\n","protected":false},"excerpt":{"rendered":"<p>TOM to wyj\u0105tkowy st\u00f3\u0142 o rze\u017abiarskiej formie, do kt\u00f3rego z \u0142atwo\u015bci\u0105 dopasujesz krzes\u0142a o r\u00f3\u017cnym charakterze, lub stworzysz sp\u00f3jny zestaw wraz z dedykowanymi siedziskami MOON. Salaki te dzi\u0119ki swojej minimalistycznej formie stan\u0105 si\u0119 idealn\u0105 i nienachaln\u0105 baz\u0105 do dowolnie wybranej przez Ciebie przestrzeni.<\/p>\n","protected":false},"featured_media":1997,"template":"","meta":{"_acf_changed":false},"product_brand":[],"product_cat":[89,98,95],"product_tag":[],"kampania":[],"class_list":{"0":"post-1729","1":"product","2":"type-product","3":"status-publish","4":"has-post-thumbnail","6":"product_cat-bestsellers","7":"product_cat-dining-tables","8":"product_cat-tables","9":"odznaki-bestseller-en","11":"first","12":"instock","13":"taxable","14":"shipping-taxable","15":"purchasable","16":"product-type-simple"},"acf":[],"_links":{"self":[{"href":"https:\/\/salak.com.pl\/en\/wp-json\/wp\/v2\/product\/1729","targetHints":{"allow":["GET"]}}],"collection":[{"href":"https:\/\/salak.com.pl\/en\/wp-json\/wp\/v2\/product"}],"about":[{"href":"https:\/\/salak.com.pl\/en\/wp-json\/wp\/v2\/types\/product"}],"wp:featuredmedia":[{"embeddable":true,"href":"https:\/\/salak.com.pl\/en\/wp-json\/wp\/v2\/media\/1997"}],"wp:attachment":[{"href":"https:\/\/salak.com.pl\/en\/wp-json\/wp\/v2\/media?parent=1729"}],"wp:term":[{"taxonomy":"product_brand","embeddable":true,"href":"https:\/\/salak.com.pl\/en\/wp-json\/wp\/v2\/product_brand?post=1729"},{"taxonomy":"product_cat","embeddable":true,"href":"https:\/\/salak.com.pl\/en\/wp-json\/wp\/v2\/product_cat?post=1729"},{"taxonomy":"product_tag","embeddable":true,"href":"https:\/\/salak.com.pl\/en\/wp-json\/wp\/v2\/product_tag?post=1729"},{"taxonomy":"kampania","embeddable":true,"href":"https:\/\/salak.com.pl\/en\/wp-json\/wp\/v2\/kampania?post=1729"}],"curies":[{"name":"wp","href":"https:\/\/api.w.org\/{rel}","templated":true}]}}