{"id":1488,"date":"2024-12-11T12:42:09","date_gmt":"2024-12-11T11:42:09","guid":{"rendered":"https:\/\/salak.com.pl\/?post_type=product&#038;p=1488"},"modified":"2026-02-11T14:11:11","modified_gmt":"2026-02-11T13:11:11","slug":"lobster","status":"publish","type":"product","link":"https:\/\/salak.com.pl\/en\/produkt\/lobster\/","title":{"rendered":"LOBSTER"},"content":{"rendered":"","protected":false},"excerpt":{"rendered":"<p>LOBSTER to geometryczny rega\u0142\/stolik boczny w jednym. Wykonany jest wysokiej jako\u015bci stali malowanej proszkowo. Idealnie sprawdzi si\u0119 dla mi\u0142o\u015bnik\u00f3w p\u0142yt winylowych.<\/p>\n","protected":false},"featured_media":2358,"template":"","meta":{"_acf_changed":false},"product_brand":[],"product_cat":[85,96,90,113,95],"product_tag":[],"kampania":[],"class_list":{"0":"post-1488","1":"product","2":"type-product","3":"status-publish","4":"has-post-thumbnail","6":"product_cat-bookcases-chests-of-drawers","7":"product_cat-coffee-tables","8":"product_cat-new-products","9":"product_cat-storage","10":"product_cat-tables","11":"czas_wysylki-5-35-dni","13":"first","14":"instock","15":"taxable","16":"shipping-taxable","17":"purchasable","18":"product-type-simple"},"acf":[],"_links":{"self":[{"href":"https:\/\/salak.com.pl\/en\/wp-json\/wp\/v2\/product\/1488","targetHints":{"allow":["GET"]}}],"collection":[{"href":"https:\/\/salak.com.pl\/en\/wp-json\/wp\/v2\/product"}],"about":[{"href":"https:\/\/salak.com.pl\/en\/wp-json\/wp\/v2\/types\/product"}],"wp:featuredmedia":[{"embeddable":true,"href":"https:\/\/salak.com.pl\/en\/wp-json\/wp\/v2\/media\/2358"}],"wp:attachment":[{"href":"https:\/\/salak.com.pl\/en\/wp-json\/wp\/v2\/media?parent=1488"}],"wp:term":[{"taxonomy":"product_brand","embeddable":true,"href":"https:\/\/salak.com.pl\/en\/wp-json\/wp\/v2\/product_brand?post=1488"},{"taxonomy":"product_cat","embeddable":true,"href":"https:\/\/salak.com.pl\/en\/wp-json\/wp\/v2\/product_cat?post=1488"},{"taxonomy":"product_tag","embeddable":true,"href":"https:\/\/salak.com.pl\/en\/wp-json\/wp\/v2\/product_tag?post=1488"},{"taxonomy":"kampania","embeddable":true,"href":"https:\/\/salak.com.pl\/en\/wp-json\/wp\/v2\/kampania?post=1488"}],"curies":[{"name":"wp","href":"https:\/\/api.w.org\/{rel}","templated":true}]}}