{"id":9877,"date":"2025-09-10T09:15:59","date_gmt":"2025-09-10T07:15:59","guid":{"rendered":"https:\/\/salak.com.pl\/?post_type=product&#038;p=9877"},"modified":"2025-09-10T09:36:22","modified_gmt":"2025-09-10T07:36:22","slug":"lobster-recollection","status":"publish","type":"product","link":"https:\/\/salak.com.pl\/de\/produkt\/lobster-recollection\/","title":{"rendered":"LOBSTER &#8211; RECOLLECTION"},"content":{"rendered":"","protected":false},"excerpt":{"rendered":"<p>LOBSTER to geometryczny rega\u0142\/stolik boczny w jednym. Wykonany jest wysokiej jako\u015bci stali malowanej proszkowo. Idealnie sprawdzi si\u0119 dla mi\u0142o\u015bnik\u00f3w p\u0142yt winylowych.<\/p>\n","protected":false},"featured_media":5381,"template":"","meta":{"_acf_changed":false},"product_brand":[],"product_cat":[372],"product_tag":[],"kampania":[],"class_list":{"0":"post-9877","1":"product","2":"type-product","3":"status-publish","4":"has-post-thumbnail","6":"product_cat-recollection-de","7":"odznaki-recollection-versand-innerhalb-von-2-tagen","9":"first","10":"instock","11":"sale","12":"taxable","13":"shipping-taxable","14":"purchasable","15":"product-type-simple"},"acf":[],"_links":{"self":[{"href":"https:\/\/salak.com.pl\/de\/wp-json\/wp\/v2\/product\/9877","targetHints":{"allow":["GET"]}}],"collection":[{"href":"https:\/\/salak.com.pl\/de\/wp-json\/wp\/v2\/product"}],"about":[{"href":"https:\/\/salak.com.pl\/de\/wp-json\/wp\/v2\/types\/product"}],"wp:featuredmedia":[{"embeddable":true,"href":"https:\/\/salak.com.pl\/de\/wp-json\/wp\/v2\/media\/5381"}],"wp:attachment":[{"href":"https:\/\/salak.com.pl\/de\/wp-json\/wp\/v2\/media?parent=9877"}],"wp:term":[{"taxonomy":"product_brand","embeddable":true,"href":"https:\/\/salak.com.pl\/de\/wp-json\/wp\/v2\/product_brand?post=9877"},{"taxonomy":"product_cat","embeddable":true,"href":"https:\/\/salak.com.pl\/de\/wp-json\/wp\/v2\/product_cat?post=9877"},{"taxonomy":"product_tag","embeddable":true,"href":"https:\/\/salak.com.pl\/de\/wp-json\/wp\/v2\/product_tag?post=9877"},{"taxonomy":"kampania","embeddable":true,"href":"https:\/\/salak.com.pl\/de\/wp-json\/wp\/v2\/kampania?post=9877"}],"curies":[{"name":"wp","href":"https:\/\/api.w.org\/{rel}","templated":true}]}}