{"id":9558,"date":"2025-08-18T10:51:58","date_gmt":"2025-08-18T08:51:58","guid":{"rendered":"https:\/\/salak.com.pl\/?post_type=product&#038;p=9558"},"modified":"2026-02-11T11:28:10","modified_gmt":"2026-02-11T10:28:10","slug":"hall-recollection","status":"publish","type":"product","link":"https:\/\/salak.com.pl\/de\/produkt\/hall-recollection\/","title":{"rendered":"HALL &#8211; RECOLLECTION"},"content":{"rendered":"<p>HALL to wyj\u0105tkowe krzes\u0142o o stalowej konstrukcji.Minimalistyczna forma podkre\u015bla unikatowo\u015b\u0107 naturalnych materia\u0142\u00f3w, kt\u00f3re zosta\u0142y u\u017cyte do stworzenia tego siedziska.<br \/>\nSprawd\u017a wszystkie wyko\u0144czenia i wybierz swojego idealnego Salaka!<\/p>\n","protected":false},"excerpt":{"rendered":"<p>HALL to wyj\u0105tkowe krzes\u0142o o stalowej konstrukcji.Minimalistyczna forma podkre\u015bla unikatowo\u015b\u0107 naturalnych materia\u0142\u00f3w, kt\u00f3re zosta\u0142y u\u017cyte do stworzenia tego siedziska. Sprawd\u017a wszystkie wyko\u0144czenia i wybierz swojego idealnego Salaka!<\/p>\n","protected":false},"featured_media":4935,"template":"","meta":{"_acf_changed":false},"product_brand":[],"product_cat":[372],"product_tag":[],"kampania":[],"class_list":{"0":"post-9558","1":"product","2":"type-product","3":"status-publish","4":"has-post-thumbnail","6":"product_cat-recollection-de","7":"odznaki-recollection-versand-innerhalb-von-2-tagen","9":"first","10":"instock","11":"sale","12":"taxable","13":"shipping-taxable","14":"purchasable","15":"product-type-simple"},"acf":[],"_links":{"self":[{"href":"https:\/\/salak.com.pl\/de\/wp-json\/wp\/v2\/product\/9558","targetHints":{"allow":["GET"]}}],"collection":[{"href":"https:\/\/salak.com.pl\/de\/wp-json\/wp\/v2\/product"}],"about":[{"href":"https:\/\/salak.com.pl\/de\/wp-json\/wp\/v2\/types\/product"}],"wp:featuredmedia":[{"embeddable":true,"href":"https:\/\/salak.com.pl\/de\/wp-json\/wp\/v2\/media\/4935"}],"wp:attachment":[{"href":"https:\/\/salak.com.pl\/de\/wp-json\/wp\/v2\/media?parent=9558"}],"wp:term":[{"taxonomy":"product_brand","embeddable":true,"href":"https:\/\/salak.com.pl\/de\/wp-json\/wp\/v2\/product_brand?post=9558"},{"taxonomy":"product_cat","embeddable":true,"href":"https:\/\/salak.com.pl\/de\/wp-json\/wp\/v2\/product_cat?post=9558"},{"taxonomy":"product_tag","embeddable":true,"href":"https:\/\/salak.com.pl\/de\/wp-json\/wp\/v2\/product_tag?post=9558"},{"taxonomy":"kampania","embeddable":true,"href":"https:\/\/salak.com.pl\/de\/wp-json\/wp\/v2\/kampania?post=9558"}],"curies":[{"name":"wp","href":"https:\/\/api.w.org\/{rel}","templated":true}]}}