{"id":9282,"date":"2025-08-05T11:27:54","date_gmt":"2025-08-05T09:27:54","guid":{"rendered":"https:\/\/salak.com.pl\/?post_type=product&#038;p=9282"},"modified":"2025-08-13T08:35:05","modified_gmt":"2025-08-13T06:35:05","slug":"mono","status":"publish","type":"product","link":"https:\/\/salak.com.pl\/de\/produkt\/mono\/","title":{"rendered":"MONO"},"content":{"rendered":"","protected":false},"excerpt":{"rendered":"<p><span class=\"HwtZe\" lang=\"de\"><span class=\"jCAhz ChMk0b\"><span class=\"ryNqvb\">MONO ist ein einzigartiger Tisch mit skulpturaler Form, an den St\u00fchle unterschiedlicher Stile problemlos passen.<\/span><\/span> <span class=\"jCAhz ChMk0b\"><span class=\"ryNqvb\">Er wurde f\u00fcr kleine R\u00e4ume konzipiert und ist ideal f\u00fcr 1\u20132 Personen.<\/span><\/span><\/span><\/p>\n","protected":false},"featured_media":9323,"template":"","meta":{"_acf_changed":false},"product_brand":[],"product_cat":[249],"product_tag":[],"kampania":[],"class_list":{"0":"post-9282","1":"product","2":"type-product","3":"status-publish","4":"has-post-thumbnail","6":"product_cat-uncategorized-de","8":"first","9":"instock","10":"taxable","11":"shipping-taxable","12":"purchasable","13":"product-type-simple"},"acf":[],"_links":{"self":[{"href":"https:\/\/salak.com.pl\/de\/wp-json\/wp\/v2\/product\/9282","targetHints":{"allow":["GET"]}}],"collection":[{"href":"https:\/\/salak.com.pl\/de\/wp-json\/wp\/v2\/product"}],"about":[{"href":"https:\/\/salak.com.pl\/de\/wp-json\/wp\/v2\/types\/product"}],"wp:featuredmedia":[{"embeddable":true,"href":"https:\/\/salak.com.pl\/de\/wp-json\/wp\/v2\/media\/9323"}],"wp:attachment":[{"href":"https:\/\/salak.com.pl\/de\/wp-json\/wp\/v2\/media?parent=9282"}],"wp:term":[{"taxonomy":"product_brand","embeddable":true,"href":"https:\/\/salak.com.pl\/de\/wp-json\/wp\/v2\/product_brand?post=9282"},{"taxonomy":"product_cat","embeddable":true,"href":"https:\/\/salak.com.pl\/de\/wp-json\/wp\/v2\/product_cat?post=9282"},{"taxonomy":"product_tag","embeddable":true,"href":"https:\/\/salak.com.pl\/de\/wp-json\/wp\/v2\/product_tag?post=9282"},{"taxonomy":"kampania","embeddable":true,"href":"https:\/\/salak.com.pl\/de\/wp-json\/wp\/v2\/kampania?post=9282"}],"curies":[{"name":"wp","href":"https:\/\/api.w.org\/{rel}","templated":true}]}}