{"id":8972,"date":"2025-07-16T12:05:38","date_gmt":"2025-07-16T10:05:38","guid":{"rendered":"https:\/\/salak.com.pl\/?post_type=product&#038;p=8972"},"modified":"2025-07-17T12:57:43","modified_gmt":"2025-07-17T10:57:43","slug":"zen-recollection","status":"publish","type":"product","link":"https:\/\/salak.com.pl\/de\/produkt\/zen-recollection\/","title":{"rendered":"ZEN  \u2013 RECOLLECTION"},"content":{"rendered":"<p><strong>ZEN<\/strong>\u00a0to geometryczny rega\u0142 o wyj\u0105tkowo rze\u017abiarskiej formie.\u00a0Wykonany jest\u00a0wysokiej jako\u015bci\u00a0stali malowanej proszkowo.\u00a0Swoimi wymiarami dopasowany jest do przechowywania p\u0142yt winylowych, ksi\u0105\u017cek i innych drobiazg\u00f3w codziennego u\u017cytku.<\/p>\n","protected":false},"excerpt":{"rendered":"<p><strong>ZEN<\/strong>\u00a0to geometryczny rega\u0142 o wyj\u0105tkowo rze\u017abiarskiej formie.\u00a0Wykonany jest\u00a0wysokiej jako\u015bci\u00a0stali malowanej proszkowo.\u00a0Swoimi wymiarami dopasowany jest do przechowywania p\u0142yt winylowych, ksi\u0105\u017cek i innych drobiazg\u00f3w codziennego u\u017cytku.<\/p>\n","protected":false},"featured_media":5341,"template":"","meta":{"_acf_changed":false},"product_brand":[],"product_cat":[372],"product_tag":[],"kampania":[],"class_list":{"0":"post-8972","1":"product","2":"type-product","3":"status-publish","4":"has-post-thumbnail","6":"product_cat-recollection-de","7":"odznaki-recollection-versand-innerhalb-von-2-tagen","9":"first","10":"instock","11":"sale","12":"taxable","13":"shipping-taxable","14":"purchasable","15":"product-type-simple"},"acf":[],"_links":{"self":[{"href":"https:\/\/salak.com.pl\/de\/wp-json\/wp\/v2\/product\/8972","targetHints":{"allow":["GET"]}}],"collection":[{"href":"https:\/\/salak.com.pl\/de\/wp-json\/wp\/v2\/product"}],"about":[{"href":"https:\/\/salak.com.pl\/de\/wp-json\/wp\/v2\/types\/product"}],"wp:featuredmedia":[{"embeddable":true,"href":"https:\/\/salak.com.pl\/de\/wp-json\/wp\/v2\/media\/5341"}],"wp:attachment":[{"href":"https:\/\/salak.com.pl\/de\/wp-json\/wp\/v2\/media?parent=8972"}],"wp:term":[{"taxonomy":"product_brand","embeddable":true,"href":"https:\/\/salak.com.pl\/de\/wp-json\/wp\/v2\/product_brand?post=8972"},{"taxonomy":"product_cat","embeddable":true,"href":"https:\/\/salak.com.pl\/de\/wp-json\/wp\/v2\/product_cat?post=8972"},{"taxonomy":"product_tag","embeddable":true,"href":"https:\/\/salak.com.pl\/de\/wp-json\/wp\/v2\/product_tag?post=8972"},{"taxonomy":"kampania","embeddable":true,"href":"https:\/\/salak.com.pl\/de\/wp-json\/wp\/v2\/kampania?post=8972"}],"curies":[{"name":"wp","href":"https:\/\/api.w.org\/{rel}","templated":true}]}}