{"id":8544,"date":"2025-06-16T14:57:33","date_gmt":"2025-06-16T12:57:33","guid":{"rendered":"https:\/\/salak.com.pl\/?post_type=product&#038;p=8544"},"modified":"2026-02-11T10:33:35","modified_gmt":"2026-02-11T09:33:35","slug":"pop-begrenzte-menge","status":"publish","type":"product","link":"https:\/\/salak.com.pl\/de\/produkt\/pop-begrenzte-menge\/","title":{"rendered":"POP \u2013 begrenzte Menge"},"content":{"rendered":"<p>POP to minimalistyczna p\u00f3\u0142ka \u015bcienna i kwietnik w jednym. Produkt wykonany jest z wysokiej jako\u015bci stali i r\u0119cznie toczonego drewna jesionowego.Rozgo\u015b\u0107 si\u0119 wygodnie i znajd\u017a swojego idealnego Salaka!<\/p>\n","protected":false},"excerpt":{"rendered":"<p>POP to minimalistyczna p\u00f3\u0142ka \u015bcienna i kwietnik w jednym. Produkt wykonany jest z wysokiej jako\u015bci stali i r\u0119cznie toczonego drewna jesionowego.Rozgo\u015b\u0107 si\u0119 wygodnie i znajd\u017a swojego idealnego Salaka!<\/p>\n","protected":false},"featured_media":7766,"template":"","meta":{"_acf_changed":false},"product_brand":[],"product_cat":[346],"product_tag":[],"kampania":[],"class_list":{"0":"post-8544","1":"product","2":"type-product","3":"status-publish","4":"has-post-thumbnail","6":"product_cat-dostepneodreki-de","8":"first","9":"instock","10":"taxable","11":"shipping-taxable","12":"purchasable","13":"product-type-simple"},"acf":[],"_links":{"self":[{"href":"https:\/\/salak.com.pl\/de\/wp-json\/wp\/v2\/product\/8544","targetHints":{"allow":["GET"]}}],"collection":[{"href":"https:\/\/salak.com.pl\/de\/wp-json\/wp\/v2\/product"}],"about":[{"href":"https:\/\/salak.com.pl\/de\/wp-json\/wp\/v2\/types\/product"}],"wp:featuredmedia":[{"embeddable":true,"href":"https:\/\/salak.com.pl\/de\/wp-json\/wp\/v2\/media\/7766"}],"wp:attachment":[{"href":"https:\/\/salak.com.pl\/de\/wp-json\/wp\/v2\/media?parent=8544"}],"wp:term":[{"taxonomy":"product_brand","embeddable":true,"href":"https:\/\/salak.com.pl\/de\/wp-json\/wp\/v2\/product_brand?post=8544"},{"taxonomy":"product_cat","embeddable":true,"href":"https:\/\/salak.com.pl\/de\/wp-json\/wp\/v2\/product_cat?post=8544"},{"taxonomy":"product_tag","embeddable":true,"href":"https:\/\/salak.com.pl\/de\/wp-json\/wp\/v2\/product_tag?post=8544"},{"taxonomy":"kampania","embeddable":true,"href":"https:\/\/salak.com.pl\/de\/wp-json\/wp\/v2\/kampania?post=8544"}],"curies":[{"name":"wp","href":"https:\/\/api.w.org\/{rel}","templated":true}]}}