{"id":8530,"date":"2025-06-16T10:46:50","date_gmt":"2025-06-16T08:46:50","guid":{"rendered":"https:\/\/salak.com.pl\/?post_type=product&#038;p=8530"},"modified":"2026-02-10T12:56:49","modified_gmt":"2026-02-10T11:56:49","slug":"cherry-begrenzte-menge","status":"publish","type":"product","link":"https:\/\/salak.com.pl\/de\/produkt\/cherry-begrenzte-menge\/","title":{"rendered":"CHERRY &#8211; begrenzte Menge"},"content":{"rendered":"<p>CHERRY ist ein vielseitiger Tisch mit au\u00dfergew\u00f6hnlich minimalistischem Design. Durch seine schlichte, aber originelle Form f\u00fcgt er sich m\u00fchelos selbst in die anspruchsvollsten Einrichtungen ein.<\/p>\n","protected":false},"excerpt":{"rendered":"<p>CHERRY to uniwersalny stolik o wyj\u0105tkowo minimalistycznej formie. Dzi\u0119ki swojej prostej lecz nieoczywistej formie z powodzeniem odnajdzie si\u0119 w nawet najbardziej wyszukanych wn\u0119trzach.<\/p>\n","protected":false},"featured_media":8540,"template":"","meta":{"_acf_changed":false},"product_brand":[],"product_cat":[346],"product_tag":[],"kampania":[],"class_list":{"0":"post-8530","1":"product","2":"type-product","3":"status-publish","4":"has-post-thumbnail","6":"product_cat-dostepneodreki-de","7":"odznaki-versand-innerhalb-von-2-werktagen","9":"first","10":"instock","11":"sale","12":"taxable","13":"shipping-taxable","14":"purchasable","15":"product-type-simple"},"acf":[],"_links":{"self":[{"href":"https:\/\/salak.com.pl\/de\/wp-json\/wp\/v2\/product\/8530","targetHints":{"allow":["GET"]}}],"collection":[{"href":"https:\/\/salak.com.pl\/de\/wp-json\/wp\/v2\/product"}],"about":[{"href":"https:\/\/salak.com.pl\/de\/wp-json\/wp\/v2\/types\/product"}],"wp:featuredmedia":[{"embeddable":true,"href":"https:\/\/salak.com.pl\/de\/wp-json\/wp\/v2\/media\/8540"}],"wp:attachment":[{"href":"https:\/\/salak.com.pl\/de\/wp-json\/wp\/v2\/media?parent=8530"}],"wp:term":[{"taxonomy":"product_brand","embeddable":true,"href":"https:\/\/salak.com.pl\/de\/wp-json\/wp\/v2\/product_brand?post=8530"},{"taxonomy":"product_cat","embeddable":true,"href":"https:\/\/salak.com.pl\/de\/wp-json\/wp\/v2\/product_cat?post=8530"},{"taxonomy":"product_tag","embeddable":true,"href":"https:\/\/salak.com.pl\/de\/wp-json\/wp\/v2\/product_tag?post=8530"},{"taxonomy":"kampania","embeddable":true,"href":"https:\/\/salak.com.pl\/de\/wp-json\/wp\/v2\/kampania?post=8530"}],"curies":[{"name":"wp","href":"https:\/\/api.w.org\/{rel}","templated":true}]}}