{"id":7679,"date":"2025-05-21T10:10:50","date_gmt":"2025-05-21T08:10:50","guid":{"rendered":"https:\/\/salak.com.pl\/?post_type=product&#038;p=7679"},"modified":"2025-10-22T11:15:10","modified_gmt":"2025-10-22T09:15:10","slug":"slop","status":"publish","type":"product","link":"https:\/\/salak.com.pl\/de\/produkt\/slop\/","title":{"rendered":"SLOP"},"content":{"rendered":"<p>SLOP ist ein minimalistisches Regal mit skulpturaler, zeitloser Form. Dank seiner kleinen Grundfl\u00e4che findet es auch in kleinsten R\u00e4umen problemlos Platz.<\/p>\n","protected":false},"excerpt":{"rendered":"<pre id=\"tw-target-text\" class=\"tw-data-text tw-text-large tw-ta\" dir=\"ltr\" data-placeholder=\"T\u0142umaczenie\" data-ved=\"2ahUKEwj85_DurPOOAxVCU1UIHQwzMKkQ3ewLegQICRAU\" aria-label=\"Przet\u0142umaczony tekst: SLOP ist ein minimalistisches Regal mit skulpturaler Form. Dank seiner kleinen Grundfl\u00e4che passt es problemlos auch in kleinste R\u00e4ume.\"><span class=\"Y2IQFc\" lang=\"de\">SLOP ist ein minimalistisches Regal mit skulpturaler Form.\r\n\r\nDank seiner kleinen Grundfl\u00e4che passt es problemlos auch in kleinste R\u00e4ume.<\/span><\/pre>\n","protected":false},"featured_media":7691,"template":"","meta":{"_acf_changed":false},"product_brand":[],"product_cat":[255,252],"product_tag":[],"kampania":[],"class_list":{"0":"post-7679","1":"product","2":"type-product","3":"status-publish","4":"has-post-thumbnail","6":"product_cat-buecherregale-kommoden","7":"product_cat-lagerung","8":"odznaki-neu","10":"first","11":"instock","12":"taxable","13":"shipping-taxable","14":"purchasable","15":"product-type-simple"},"acf":[],"_links":{"self":[{"href":"https:\/\/salak.com.pl\/de\/wp-json\/wp\/v2\/product\/7679","targetHints":{"allow":["GET"]}}],"collection":[{"href":"https:\/\/salak.com.pl\/de\/wp-json\/wp\/v2\/product"}],"about":[{"href":"https:\/\/salak.com.pl\/de\/wp-json\/wp\/v2\/types\/product"}],"wp:featuredmedia":[{"embeddable":true,"href":"https:\/\/salak.com.pl\/de\/wp-json\/wp\/v2\/media\/7691"}],"wp:attachment":[{"href":"https:\/\/salak.com.pl\/de\/wp-json\/wp\/v2\/media?parent=7679"}],"wp:term":[{"taxonomy":"product_brand","embeddable":true,"href":"https:\/\/salak.com.pl\/de\/wp-json\/wp\/v2\/product_brand?post=7679"},{"taxonomy":"product_cat","embeddable":true,"href":"https:\/\/salak.com.pl\/de\/wp-json\/wp\/v2\/product_cat?post=7679"},{"taxonomy":"product_tag","embeddable":true,"href":"https:\/\/salak.com.pl\/de\/wp-json\/wp\/v2\/product_tag?post=7679"},{"taxonomy":"kampania","embeddable":true,"href":"https:\/\/salak.com.pl\/de\/wp-json\/wp\/v2\/kampania?post=7679"}],"curies":[{"name":"wp","href":"https:\/\/api.w.org\/{rel}","templated":true}]}}