{"id":6688,"date":"2024-12-11T21:21:11","date_gmt":"2024-12-11T20:21:11","guid":{"rendered":"https:\/\/salak.com.pl\/produkt\/less\/"},"modified":"2026-02-11T12:14:24","modified_gmt":"2026-02-11T11:14:24","slug":"less","status":"publish","type":"product","link":"https:\/\/salak.com.pl\/de\/produkt\/less\/","title":{"rendered":"LESS"},"content":{"rendered":"","protected":false},"excerpt":{"rendered":"<p>LESS to oryginalna \u0142awka, kt\u00f3ra z powodzeniem pos\u0142u\u017cy jako siedzisko w Twoim przedpokoju lub pokoju dziennym<br \/>\nTo r\u00f3wnie\u017c idealne rozwi\u0105zanie dla tych, kt\u00f3rzy szukaj\u0105 stolika kawowego o minimalistycznej formie.<br \/>\nLess jest wykonany z litego, r\u0119cznie toczonego drewna jesionowego.<\/p>\n","protected":false},"featured_media":5283,"template":"","meta":{"_acf_changed":false},"product_brand":[],"product_cat":[261,258],"product_tag":[],"kampania":[],"class_list":{"0":"post-6688","1":"product","2":"type-product","3":"status-publish","4":"has-post-thumbnail","6":"product_cat-banke","7":"product_cat-sitze","9":"first","10":"instock","11":"taxable","12":"shipping-taxable","13":"purchasable","14":"product-type-simple"},"acf":[],"_links":{"self":[{"href":"https:\/\/salak.com.pl\/de\/wp-json\/wp\/v2\/product\/6688","targetHints":{"allow":["GET"]}}],"collection":[{"href":"https:\/\/salak.com.pl\/de\/wp-json\/wp\/v2\/product"}],"about":[{"href":"https:\/\/salak.com.pl\/de\/wp-json\/wp\/v2\/types\/product"}],"wp:featuredmedia":[{"embeddable":true,"href":"https:\/\/salak.com.pl\/de\/wp-json\/wp\/v2\/media\/5283"}],"wp:attachment":[{"href":"https:\/\/salak.com.pl\/de\/wp-json\/wp\/v2\/media?parent=6688"}],"wp:term":[{"taxonomy":"product_brand","embeddable":true,"href":"https:\/\/salak.com.pl\/de\/wp-json\/wp\/v2\/product_brand?post=6688"},{"taxonomy":"product_cat","embeddable":true,"href":"https:\/\/salak.com.pl\/de\/wp-json\/wp\/v2\/product_cat?post=6688"},{"taxonomy":"product_tag","embeddable":true,"href":"https:\/\/salak.com.pl\/de\/wp-json\/wp\/v2\/product_tag?post=6688"},{"taxonomy":"kampania","embeddable":true,"href":"https:\/\/salak.com.pl\/de\/wp-json\/wp\/v2\/kampania?post=6688"}],"curies":[{"name":"wp","href":"https:\/\/api.w.org\/{rel}","templated":true}]}}