{"id":6684,"date":"2024-12-13T20:02:05","date_gmt":"2024-12-13T19:02:05","guid":{"rendered":"https:\/\/salak.com.pl\/produkt\/len\/"},"modified":"2026-02-10T12:21:51","modified_gmt":"2026-02-10T11:21:51","slug":"len","status":"publish","type":"product","link":"https:\/\/salak.com.pl\/de\/produkt\/len\/","title":{"rendered":"LEN"},"content":{"rendered":"<p>LEN to minimalistyczny stolik kawowy o rze\u017abiarskiej, ponadczasowej formie. Dzi\u0119ki niewielkiej podstawie z powodzeniem odnajdzie si\u0119 nawet w najmniejszych przestrzeniach.<\/p>\n","protected":false},"excerpt":{"rendered":"<p>LEN to minimalistyczny stolik kawowy o rze\u017abiarskiej, ponadczasowej formie. Dzi\u0119ki niewielkiej podstawie z powodzeniem odnajdzie si\u0119 nawet w najmniejszych przestrzeniach.<\/p>\n","protected":false},"featured_media":4995,"template":"","meta":{"_acf_changed":false},"product_brand":[],"product_cat":[263,226,227],"product_tag":[],"kampania":[],"class_list":{"0":"post-6684","1":"product","2":"type-product","3":"status-publish","4":"has-post-thumbnail","6":"product_cat-beistelltische-nachttische","7":"product_cat-couchtische","8":"product_cat-tische","10":"first","11":"instock","12":"taxable","13":"shipping-taxable","14":"purchasable","15":"product-type-simple"},"acf":[],"_links":{"self":[{"href":"https:\/\/salak.com.pl\/de\/wp-json\/wp\/v2\/product\/6684","targetHints":{"allow":["GET"]}}],"collection":[{"href":"https:\/\/salak.com.pl\/de\/wp-json\/wp\/v2\/product"}],"about":[{"href":"https:\/\/salak.com.pl\/de\/wp-json\/wp\/v2\/types\/product"}],"wp:featuredmedia":[{"embeddable":true,"href":"https:\/\/salak.com.pl\/de\/wp-json\/wp\/v2\/media\/4995"}],"wp:attachment":[{"href":"https:\/\/salak.com.pl\/de\/wp-json\/wp\/v2\/media?parent=6684"}],"wp:term":[{"taxonomy":"product_brand","embeddable":true,"href":"https:\/\/salak.com.pl\/de\/wp-json\/wp\/v2\/product_brand?post=6684"},{"taxonomy":"product_cat","embeddable":true,"href":"https:\/\/salak.com.pl\/de\/wp-json\/wp\/v2\/product_cat?post=6684"},{"taxonomy":"product_tag","embeddable":true,"href":"https:\/\/salak.com.pl\/de\/wp-json\/wp\/v2\/product_tag?post=6684"},{"taxonomy":"kampania","embeddable":true,"href":"https:\/\/salak.com.pl\/de\/wp-json\/wp\/v2\/kampania?post=6684"}],"curies":[{"name":"wp","href":"https:\/\/api.w.org\/{rel}","templated":true}]}}