{"id":6678,"date":"2024-12-13T20:06:32","date_gmt":"2024-12-13T19:06:32","guid":{"rendered":"https:\/\/salak.com.pl\/produkt\/cherry\/"},"modified":"2026-02-10T13:57:31","modified_gmt":"2026-02-10T12:57:31","slug":"cherry","status":"publish","type":"product","link":"https:\/\/salak.com.pl\/de\/produkt\/cherry\/","title":{"rendered":"CHERRY"},"content":{"rendered":"<p>CHERRY to uniwersalny stolik o wyj\u0105tkowo minimalistycznej formie. Dzi\u0119ki swojej prostej lecz nieoczywistej formie z powodzeniem odnajdzie si\u0119 w nawet najbardziej wyszukanych wn\u0119trzach.<\/p>\n","protected":false},"excerpt":{"rendered":"<p>CHERRY to uniwersalny stolik o wyj\u0105tkowo minimalistycznej formie. Dzi\u0119ki swojej prostej lecz nieoczywistej formie z powodzeniem odnajdzie si\u0119 w nawet najbardziej wyszukanych wn\u0119trzach.<\/p>\n","protected":false},"featured_media":4867,"template":"","meta":{"_acf_changed":false},"product_brand":[],"product_cat":[263,265,226,227],"product_tag":[],"kampania":[],"class_list":{"0":"post-6678","1":"product","2":"type-product","3":"status-publish","4":"has-post-thumbnail","6":"product_cat-beistelltische-nachttische","7":"product_cat-cafeteria-tische","8":"product_cat-couchtische","9":"product_cat-tische","11":"first","12":"instock","13":"taxable","14":"shipping-taxable","15":"purchasable","16":"product-type-simple"},"acf":[],"_links":{"self":[{"href":"https:\/\/salak.com.pl\/de\/wp-json\/wp\/v2\/product\/6678","targetHints":{"allow":["GET"]}}],"collection":[{"href":"https:\/\/salak.com.pl\/de\/wp-json\/wp\/v2\/product"}],"about":[{"href":"https:\/\/salak.com.pl\/de\/wp-json\/wp\/v2\/types\/product"}],"wp:featuredmedia":[{"embeddable":true,"href":"https:\/\/salak.com.pl\/de\/wp-json\/wp\/v2\/media\/4867"}],"wp:attachment":[{"href":"https:\/\/salak.com.pl\/de\/wp-json\/wp\/v2\/media?parent=6678"}],"wp:term":[{"taxonomy":"product_brand","embeddable":true,"href":"https:\/\/salak.com.pl\/de\/wp-json\/wp\/v2\/product_brand?post=6678"},{"taxonomy":"product_cat","embeddable":true,"href":"https:\/\/salak.com.pl\/de\/wp-json\/wp\/v2\/product_cat?post=6678"},{"taxonomy":"product_tag","embeddable":true,"href":"https:\/\/salak.com.pl\/de\/wp-json\/wp\/v2\/product_tag?post=6678"},{"taxonomy":"kampania","embeddable":true,"href":"https:\/\/salak.com.pl\/de\/wp-json\/wp\/v2\/kampania?post=6678"}],"curies":[{"name":"wp","href":"https:\/\/api.w.org\/{rel}","templated":true}]}}