{"id":6674,"date":"2024-12-13T20:09:31","date_gmt":"2024-12-13T19:09:31","guid":{"rendered":"https:\/\/salak.com.pl\/produkt\/an-res\/"},"modified":"2026-02-12T15:01:45","modified_gmt":"2026-02-12T14:01:45","slug":"an-res","status":"publish","type":"product","link":"https:\/\/salak.com.pl\/de\/produkt\/an-res\/","title":{"rendered":"AN RES"},"content":{"rendered":"<p>AN RES to wyj\u0105tkowy st\u00f3\u0142 o rze\u017abiarskiej formie, do kt\u00f3rego z \u0142atwo\u015bci\u0105 dopasujesz krzes\u0142a o r\u00f3\u017cnym charakterze. Salaki te dzi\u0119ki swojej minimalistycznej formie stan\u0105 si\u0119 idealn\u0105 i nienachaln\u0105 baz\u0105 do dowolnie wybranej przez Ciebie przestrzeni.<\/p>\n","protected":false},"excerpt":{"rendered":"<p>TOM to wyj\u0105tkowy st\u00f3\u0142 o rze\u017abiarskiej formie, do kt\u00f3rego z \u0142atwo\u015bci\u0105 dopasujesz krzes\u0142a o r\u00f3\u017cnym charakterze, lub stworzysz sp\u00f3jny zestaw wraz z dedykowanymi siedziskami MOON. Salaki te dzi\u0119ki swojej minimalistycznej formie stan\u0105 si\u0119 idealn\u0105 i nienachaln\u0105 baz\u0105 do dowolnie wybranej przez Ciebie przestrzeni.<\/p>\n","protected":false},"featured_media":5035,"template":"","meta":{"_acf_changed":false},"product_brand":[],"product_cat":[248,264,227],"product_tag":[],"kampania":[],"class_list":{"0":"post-6674","1":"product","2":"type-product","3":"status-publish","4":"has-post-thumbnail","6":"product_cat-bestseller","7":"product_cat-esstische","8":"product_cat-tische","9":"odznaki-bestseller-de","11":"first","12":"instock","13":"taxable","14":"shipping-taxable","15":"purchasable","16":"product-type-simple"},"acf":[],"_links":{"self":[{"href":"https:\/\/salak.com.pl\/de\/wp-json\/wp\/v2\/product\/6674","targetHints":{"allow":["GET"]}}],"collection":[{"href":"https:\/\/salak.com.pl\/de\/wp-json\/wp\/v2\/product"}],"about":[{"href":"https:\/\/salak.com.pl\/de\/wp-json\/wp\/v2\/types\/product"}],"wp:featuredmedia":[{"embeddable":true,"href":"https:\/\/salak.com.pl\/de\/wp-json\/wp\/v2\/media\/5035"}],"wp:attachment":[{"href":"https:\/\/salak.com.pl\/de\/wp-json\/wp\/v2\/media?parent=6674"}],"wp:term":[{"taxonomy":"product_brand","embeddable":true,"href":"https:\/\/salak.com.pl\/de\/wp-json\/wp\/v2\/product_brand?post=6674"},{"taxonomy":"product_cat","embeddable":true,"href":"https:\/\/salak.com.pl\/de\/wp-json\/wp\/v2\/product_cat?post=6674"},{"taxonomy":"product_tag","embeddable":true,"href":"https:\/\/salak.com.pl\/de\/wp-json\/wp\/v2\/product_tag?post=6674"},{"taxonomy":"kampania","embeddable":true,"href":"https:\/\/salak.com.pl\/de\/wp-json\/wp\/v2\/kampania?post=6674"}],"curies":[{"name":"wp","href":"https:\/\/api.w.org\/{rel}","templated":true}]}}