{"id":6670,"date":"2024-12-13T20:10:54","date_gmt":"2024-12-13T19:10:54","guid":{"rendered":"https:\/\/salak.com.pl\/produkt\/fuku-long\/"},"modified":"2026-02-11T12:33:31","modified_gmt":"2026-02-11T11:33:31","slug":"fuku-long","status":"publish","type":"product","link":"https:\/\/salak.com.pl\/de\/produkt\/fuku-long\/","title":{"rendered":"FUKU LONG"},"content":{"rendered":"","protected":false},"excerpt":{"rendered":"<p>FUKU LONG to geometryczny stolik kawowy. Dzi\u0119ki swojej minimalistycznej formie z powodzeniem odnajdzie si\u0119 nawet w najbardziej wyszukanych wn\u0119trzach<\/p>\n","protected":false},"featured_media":5931,"template":"","meta":{"_acf_changed":false},"product_brand":[],"product_cat":[226,227],"product_tag":[],"kampania":[],"class_list":{"0":"post-6670","1":"product","2":"type-product","3":"status-publish","4":"has-post-thumbnail","6":"product_cat-couchtische","7":"product_cat-tische","9":"first","10":"instock","11":"taxable","12":"shipping-taxable","13":"purchasable","14":"product-type-simple"},"acf":[],"_links":{"self":[{"href":"https:\/\/salak.com.pl\/de\/wp-json\/wp\/v2\/product\/6670","targetHints":{"allow":["GET"]}}],"collection":[{"href":"https:\/\/salak.com.pl\/de\/wp-json\/wp\/v2\/product"}],"about":[{"href":"https:\/\/salak.com.pl\/de\/wp-json\/wp\/v2\/types\/product"}],"wp:featuredmedia":[{"embeddable":true,"href":"https:\/\/salak.com.pl\/de\/wp-json\/wp\/v2\/media\/5931"}],"wp:attachment":[{"href":"https:\/\/salak.com.pl\/de\/wp-json\/wp\/v2\/media?parent=6670"}],"wp:term":[{"taxonomy":"product_brand","embeddable":true,"href":"https:\/\/salak.com.pl\/de\/wp-json\/wp\/v2\/product_brand?post=6670"},{"taxonomy":"product_cat","embeddable":true,"href":"https:\/\/salak.com.pl\/de\/wp-json\/wp\/v2\/product_cat?post=6670"},{"taxonomy":"product_tag","embeddable":true,"href":"https:\/\/salak.com.pl\/de\/wp-json\/wp\/v2\/product_tag?post=6670"},{"taxonomy":"kampania","embeddable":true,"href":"https:\/\/salak.com.pl\/de\/wp-json\/wp\/v2\/kampania?post=6670"}],"curies":[{"name":"wp","href":"https:\/\/api.w.org\/{rel}","templated":true}]}}