{"id":6664,"date":"2024-12-13T20:12:56","date_gmt":"2024-12-13T19:12:56","guid":{"rendered":"https:\/\/salak.com.pl\/produkt\/fib\/"},"modified":"2026-02-10T12:05:48","modified_gmt":"2026-02-10T11:05:48","slug":"fib","status":"publish","type":"product","link":"https:\/\/salak.com.pl\/de\/produkt\/fib\/","title":{"rendered":"FIB"},"content":{"rendered":"<p>FIB to stolik wykonany z wysokiej jako\u015bci stali i litego, r\u0119cznie toczonego drewna jesionowego. Dzi\u0119ki swojej niewielkiej podstawie idealnie sprawdzi si\u0119 w nawet najmniejszych przestrzeniach.<\/p>\n","protected":false},"excerpt":{"rendered":"<p>FIB to stolik wykonany z wysokiej jako\u015bci stali i litego, r\u0119cznie toczonego drewna jesionowego. Dzi\u0119ki swojej niewielkiej podstawie idealnie sprawdzi si\u0119 w nawet najmniejszych przestrzeniach.<\/p>\n","protected":false},"featured_media":4869,"template":"","meta":{"_acf_changed":false},"product_brand":[],"product_cat":[263,226,227],"product_tag":[321,322,323,324,325],"kampania":[],"class_list":{"0":"post-6664","1":"product","2":"type-product","3":"status-publish","4":"has-post-thumbnail","6":"product_cat-beistelltische-nachttische","7":"product_cat-couchtische","8":"product_cat-tische","9":"product_tag-drewo-de","10":"product_tag-nocne-de","11":"product_tag-stal-de","12":"product_tag-stolik-kawowy-de","13":"product_tag-stolik-pomocnicze-de","15":"first","16":"instock","17":"taxable","18":"shipping-taxable","19":"purchasable","20":"product-type-simple"},"acf":[],"_links":{"self":[{"href":"https:\/\/salak.com.pl\/de\/wp-json\/wp\/v2\/product\/6664","targetHints":{"allow":["GET"]}}],"collection":[{"href":"https:\/\/salak.com.pl\/de\/wp-json\/wp\/v2\/product"}],"about":[{"href":"https:\/\/salak.com.pl\/de\/wp-json\/wp\/v2\/types\/product"}],"wp:featuredmedia":[{"embeddable":true,"href":"https:\/\/salak.com.pl\/de\/wp-json\/wp\/v2\/media\/4869"}],"wp:attachment":[{"href":"https:\/\/salak.com.pl\/de\/wp-json\/wp\/v2\/media?parent=6664"}],"wp:term":[{"taxonomy":"product_brand","embeddable":true,"href":"https:\/\/salak.com.pl\/de\/wp-json\/wp\/v2\/product_brand?post=6664"},{"taxonomy":"product_cat","embeddable":true,"href":"https:\/\/salak.com.pl\/de\/wp-json\/wp\/v2\/product_cat?post=6664"},{"taxonomy":"product_tag","embeddable":true,"href":"https:\/\/salak.com.pl\/de\/wp-json\/wp\/v2\/product_tag?post=6664"},{"taxonomy":"kampania","embeddable":true,"href":"https:\/\/salak.com.pl\/de\/wp-json\/wp\/v2\/kampania?post=6664"}],"curies":[{"name":"wp","href":"https:\/\/api.w.org\/{rel}","templated":true}]}}