{"id":6632,"date":"2025-01-03T16:12:19","date_gmt":"2025-01-03T15:12:19","guid":{"rendered":"https:\/\/salak.com.pl\/?post_type=product&#038;p=6632"},"modified":"2025-09-12T11:49:45","modified_gmt":"2025-09-12T09:49:45","slug":"fib-kopia","status":"publish","type":"product","link":"https:\/\/salak.com.pl\/de\/produkt\/fib-kopia\/","title":{"rendered":"GIFT BOX &#8211; GESCHENKKARTE"},"content":{"rendered":"<p>FIB to stolik wykonany z wysokiej jako\u015bci stali i litego, r\u0119cznie toczonego drewna jesionowego. Dzi\u0119ki swojej niewielkiej podstawie idealnie sprawdzi si\u0119 w nawet najmniejszych przestrzeniach.<\/p>\n","protected":false},"excerpt":{"rendered":"<p>FIB to stolik wykonany z wysokiej jako\u015bci stali i litego, r\u0119cznie toczonego drewna jesionowego. Dzi\u0119ki swojej niewielkiej podstawie idealnie sprawdzi si\u0119 w nawet najmniejszych przestrzeniach.<\/p>\n","protected":false},"featured_media":6610,"template":"","meta":{"_acf_changed":false},"product_brand":[],"product_cat":[248,247,246],"product_tag":[321,322,323,324,325],"kampania":[],"class_list":{"0":"post-6632","1":"product","2":"type-product","3":"status-publish","4":"has-post-thumbnail","6":"product_cat-bestseller","7":"product_cat-geschenkbox","8":"product_cat-zubehor","9":"product_tag-drewo-de","10":"product_tag-nocne-de","11":"product_tag-stal-de","12":"product_tag-stolik-kawowy-de","13":"product_tag-stolik-pomocnicze-de","14":"czas_wysylki-2-5-dni","16":"first","17":"instock","18":"taxable","19":"shipping-taxable","20":"purchasable","21":"product-type-simple"},"acf":[],"_links":{"self":[{"href":"https:\/\/salak.com.pl\/de\/wp-json\/wp\/v2\/product\/6632","targetHints":{"allow":["GET"]}}],"collection":[{"href":"https:\/\/salak.com.pl\/de\/wp-json\/wp\/v2\/product"}],"about":[{"href":"https:\/\/salak.com.pl\/de\/wp-json\/wp\/v2\/types\/product"}],"wp:featuredmedia":[{"embeddable":true,"href":"https:\/\/salak.com.pl\/de\/wp-json\/wp\/v2\/media\/6610"}],"wp:attachment":[{"href":"https:\/\/salak.com.pl\/de\/wp-json\/wp\/v2\/media?parent=6632"}],"wp:term":[{"taxonomy":"product_brand","embeddable":true,"href":"https:\/\/salak.com.pl\/de\/wp-json\/wp\/v2\/product_brand?post=6632"},{"taxonomy":"product_cat","embeddable":true,"href":"https:\/\/salak.com.pl\/de\/wp-json\/wp\/v2\/product_cat?post=6632"},{"taxonomy":"product_tag","embeddable":true,"href":"https:\/\/salak.com.pl\/de\/wp-json\/wp\/v2\/product_tag?post=6632"},{"taxonomy":"kampania","embeddable":true,"href":"https:\/\/salak.com.pl\/de\/wp-json\/wp\/v2\/kampania?post=6632"}],"curies":[{"name":"wp","href":"https:\/\/api.w.org\/{rel}","templated":true}]}}