{"id":10331,"date":"2025-10-21T16:04:17","date_gmt":"2025-10-21T14:04:17","guid":{"rendered":"https:\/\/salak.com.pl\/?post_type=product&#038;p=10331"},"modified":"2026-02-12T10:50:14","modified_gmt":"2026-02-12T09:50:14","slug":"orson","status":"publish","type":"product","link":"https:\/\/salak.com.pl\/de\/produkt\/orson\/","title":{"rendered":"ORSON"},"content":{"rendered":"<p><strong>ZEN<\/strong>\u00a0to geometryczny rega\u0142 o wyj\u0105tkowo rze\u017abiarskiej formie.\u00a0Wykonany jest\u00a0wysokiej jako\u015bci\u00a0stali malowanej proszkowo.\u00a0Swoimi wymiarami dopasowany jest do przechowywania p\u0142yt winylowych, ksi\u0105\u017cek i innych drobiazg\u00f3w codziennego u\u017cytku.<\/p>\n","protected":false},"excerpt":{"rendered":"<p>Es ist eine Konsole an der Grenze zwischen M\u00f6belst\u00fcck und Skulptur, die sich problemlos in unterschiedlichste Einrichtungsstile einf\u00fcgt. Ideal f\u00fcr alle, die ein originelles, minimalistisches M\u00f6belst\u00fcck suchen, das zu einem kleinen funktionalen Kunstwerk wird.<\/p>\n","protected":false},"featured_media":10423,"template":"","meta":{"_acf_changed":false},"product_brand":[],"product_cat":[253,252,250],"product_tag":[],"kampania":[],"class_list":{"0":"post-10331","1":"product","2":"type-product","3":"status-publish","4":"has-post-thumbnail","6":"product_cat-konsolen","7":"product_cat-lagerung","8":"product_cat-nachrichten","9":"odznaki-neu","11":"first","12":"instock","13":"taxable","14":"shipping-taxable","15":"purchasable","16":"product-type-simple"},"acf":[],"_links":{"self":[{"href":"https:\/\/salak.com.pl\/de\/wp-json\/wp\/v2\/product\/10331","targetHints":{"allow":["GET"]}}],"collection":[{"href":"https:\/\/salak.com.pl\/de\/wp-json\/wp\/v2\/product"}],"about":[{"href":"https:\/\/salak.com.pl\/de\/wp-json\/wp\/v2\/types\/product"}],"wp:featuredmedia":[{"embeddable":true,"href":"https:\/\/salak.com.pl\/de\/wp-json\/wp\/v2\/media\/10423"}],"wp:attachment":[{"href":"https:\/\/salak.com.pl\/de\/wp-json\/wp\/v2\/media?parent=10331"}],"wp:term":[{"taxonomy":"product_brand","embeddable":true,"href":"https:\/\/salak.com.pl\/de\/wp-json\/wp\/v2\/product_brand?post=10331"},{"taxonomy":"product_cat","embeddable":true,"href":"https:\/\/salak.com.pl\/de\/wp-json\/wp\/v2\/product_cat?post=10331"},{"taxonomy":"product_tag","embeddable":true,"href":"https:\/\/salak.com.pl\/de\/wp-json\/wp\/v2\/product_tag?post=10331"},{"taxonomy":"kampania","embeddable":true,"href":"https:\/\/salak.com.pl\/de\/wp-json\/wp\/v2\/kampania?post=10331"}],"curies":[{"name":"wp","href":"https:\/\/api.w.org\/{rel}","templated":true}]}}